{"id":9843,"date":"2016-06-14T10:19:27","date_gmt":"2016-06-14T13:19:27","guid":{"rendered":"https:\/\/www.dentalpress.com.br\/portal\/?page_id=9843"},"modified":"2016-06-14T10:19:27","modified_gmt":"2016-06-14T13:19:27","slug":"anais-sao-leopoldo-mandic","status":"publish","type":"page","link":"https:\/\/dentalpress.com.br\/portal\/anais-sao-leopoldo-mandic\/","title":{"rendered":"ANAIS \u2013 S\u00c3O LEOPOLDO MANDIC"},"content":{"rendered":"<p><img fetchpriority=\"high\" decoding=\"async\" class=\"aligncenter size-full wp-image-9699\" src=\"https:\/\/dentalpress.com.br\/portal\/wp-content\/uploads\/2016\/06\/ENI_logo-DO-EVENTO.png\" alt=\"ENI_logo DO EVENTO\" width=\"460\" height=\"177\" srcset=\"\/wp-content\/uploads\/2016\/06\/ENI_logo-DO-EVENTO.png 460w, \/wp-content\/uploads\/2016\/06\/ENI_logo-DO-EVENTO-300x115.png 300w\" sizes=\"(max-width: 460px) 100vw, 460px\" \/><\/p>\n<p class=\"p3\"><span class=\"s1\">A Faculdade S\u00e3o Leopoldo Mandic realiza, no per\u00edodo de 17 a 20 de maio de 2016,\u00a0 o<b>\u00a01\u00ba Encontro Nacional de <a href=\"https:\/\/dentalpress.com.br\/portal\/excelencia-em-implantodontia-2\/\">Implantodontia<\/a> SLMANDIC: O Estado da Arte<\/b>, destinado aos alunos dos cursos de <a href=\"https:\/\/dentalpress.com.br\/portal\/especializacao-em-harmonizacao-orofacial\/\">Especializa\u00e7\u00e3o<\/a> e Mestrado em Implantodontia da Institui\u00e7\u00e3o.\u00a0<\/span><\/p>\n<p class=\"p5\"><span class=\"s1\">O objetivo do evento \u00e9 apresentar o Estado da Arte da Implantodontia, compartilhar conhecimentos, experi\u00eancias e as mais recentes tecnologias e inova\u00e7\u00f5es da \u00e1rea, al\u00e9m de promover a integra\u00e7\u00e3o das equipes de Coordenadores e alunos.<\/span><span class=\"s2\">\u00a0<\/span><!--more--><\/p>\n<p class=\"p7\"><span class=\"s1\"><b>Comiss\u00e3o Organizadora &#8211; 1\u00ba Encontro Nacional de Implantodontia SLMANDIC: O Estado da Arte<\/b><\/span><\/p>\n<p class=\"p7\"><span class=\"s1\">Prof. Dr. Jos\u00e9 Luiz Cintra Junqueira<\/span><\/p>\n<p class=\"p7\"><span class=\"s1\">Prof. Dr. Marcelo Henrique Napimoga<\/span><\/p>\n<p class=\"p7\"><span class=\"s1\">Profa. Dra. Luciana Butini Oliveira<\/span><\/p>\n<p class=\"p7\"><span class=\"s1\">Tatiana Sabadini<\/span><\/p>\n<p class=\"p7\"><span class=\"s1\">S\u00edlvia Balbo Messias<\/span><\/p>\n<p class=\"p7\"><span class=\"s1\">Claudia Velloso<\/span><\/p>\n<p class=\"p7\"><span class=\"s1\">Ricardo Coutinho<\/span><\/p>\n<p class=\"p7\"><span class=\"s1\">Diego Ferreira<\/span><\/p>\n<p class=\"p7\"><span class=\"s1\">Amanda Cristine Pechia Carvalho<\/span><\/p>\n<p class=\"p7\"><span class=\"s1\"><b>Comiss\u00e3o Avaliadora &#8211; 1\u00ba Encontro Nacional de Implantodontia SLMANDIC: O Estado da Arte<\/b><\/span><\/p>\n<p class=\"p7\"><span class=\"s1\">Prof. Dr. Guilherme da Gama Ramos<\/span><\/p>\n<p class=\"p7\"><span class=\"s1\">Profa. Dra. Fabiana Mantovani Gomes Fran\u00e7a<\/span><\/p>\n<p class=\"p7\"><span class=\"s1\">Prof. Dr. Fabiano Capato Brito<\/span><\/p>\n<p class=\"p7\"><span class=\"s1\">Prof. MS. Henrique Smanio Neto<\/span><\/p>\n<p class=\"p7\"><span class=\"s1\">Prof. Dr. Marcelo Sperandio<\/span><\/p>\n<p class=\"p7\"><span class=\"s1\"><b>Organiza\u00e7\u00e3o e Normaliza\u00e7\u00e3o de Anais de Resumos<\/b><\/span><\/p>\n<p class=\"p7\"><span class=\"s1\">Samanta Capeletto<\/span><\/p>\n<p class=\"p7\"><strong>Confira os resumos:<\/strong><\/p>\n<p class=\"p7\">[google-drive-embed url=&#8221;https:\/\/drive.google.com\/a\/dentalpress.com.br\/file\/d\/0B9PiOvD-NMNZRlQ1dEhoWVo5aDA\/preview?usp=drivesdk&#8221; title=&#8221;Resumos 1 Encontro Nacional de Implantodontia 29-04-2016.pdf&#8221; icon=&#8221;https:\/\/ssl.gstatic.com\/docs\/doclist\/images\/icon_12_pdf_list.png&#8221; width=&#8221;100%&#8221; height=&#8221;800&#8243; style=&#8221;embed&#8221;]<\/p>\n","protected":false},"excerpt":{"rendered":"<p>A Faculdade S\u00e3o Leopoldo Mandic realiza, no per\u00edodo de 17 a 20 de maio de 2016,\u00a0 o\u00a01\u00ba Encontro Nacional de Implantodontia SLMANDIC: O Estado da Arte, destinado aos alunos dos cursos de Especializa\u00e7\u00e3o e Mestrado em Implantodontia da Institui\u00e7\u00e3o.\u00a0 O objetivo do evento \u00e9 apresentar o Estado da Arte da Implantodontia, compartilhar conhecimentos, experi\u00eancias e<\/p>\n","protected":false},"author":31,"featured_media":0,"parent":0,"menu_order":0,"comment_status":"closed","ping_status":"closed","template":"","meta":{"footnotes":""},"class_list":["post-9843","page","type-page","status-publish"],"aioseo_notices":[],"amp_enabled":true,"_links":{"self":[{"href":"https:\/\/dentalpress.com.br\/portal\/wp-json\/wp\/v2\/pages\/9843","targetHints":{"allow":["GET"]}}],"collection":[{"href":"https:\/\/dentalpress.com.br\/portal\/wp-json\/wp\/v2\/pages"}],"about":[{"href":"https:\/\/dentalpress.com.br\/portal\/wp-json\/wp\/v2\/types\/page"}],"author":[{"embeddable":true,"href":"https:\/\/dentalpress.com.br\/portal\/wp-json\/wp\/v2\/users\/31"}],"replies":[{"embeddable":true,"href":"https:\/\/dentalpress.com.br\/portal\/wp-json\/wp\/v2\/comments?post=9843"}],"version-history":[{"count":0,"href":"https:\/\/dentalpress.com.br\/portal\/wp-json\/wp\/v2\/pages\/9843\/revisions"}],"wp:attachment":[{"href":"https:\/\/dentalpress.com.br\/portal\/wp-json\/wp\/v2\/media?parent=9843"}],"curies":[{"name":"wp","href":"https:\/\/api.w.org\/{rel}","templated":true}]}}