{"id":612,"date":"2013-09-11T16:03:23","date_gmt":"2013-09-11T19:03:23","guid":{"rendered":"http:\/\/bangboo.com.br\/dentalpress\/?page_id=612"},"modified":"2020-01-10T08:33:29","modified_gmt":"2020-01-10T11:33:29","slug":"equipe","status":"publish","type":"page","link":"https:\/\/dentalpress.com.br\/portal\/equipe\/","title":{"rendered":"Equipe"},"content":{"rendered":"\t\t<div data-elementor-type=\"wp-page\" data-elementor-id=\"612\" class=\"elementor elementor-612\" data-elementor-post-type=\"page\">\n\t\t\t\t\t\t<section class=\"elementor-section elementor-top-section elementor-element elementor-element-6bcbbd03 elementor-hidden-desktop elementor-hidden-tablet elementor-hidden-phone elementor-section-boxed elementor-section-height-default elementor-section-height-default\" data-id=\"6bcbbd03\" data-element_type=\"section\">\n\t\t\t\t\t\t<div class=\"elementor-container elementor-column-gap-default\">\n\t\t\t\t\t<div class=\"elementor-column elementor-col-100 elementor-top-column elementor-element elementor-element-25a1f928\" data-id=\"25a1f928\" data-element_type=\"column\">\n\t\t\t<div class=\"elementor-widget-wrap elementor-element-populated\">\n\t\t\t\t\t\t<div class=\"elementor-element elementor-element-10f23275 elementor-widget elementor-widget-text-editor\" data-id=\"10f23275\" data-element_type=\"widget\" data-widget_type=\"text-editor.default\">\n\t\t\t\t<div class=\"elementor-widget-container\">\n\t\t\t\t\t\t\t\t\t<strong>Publisher<\/strong>\r\n\r\nLaurindo Zanco Furquim\r\n\r\n&nbsp;\r\n\r\n<strong>Diretoria<\/strong>\r\n\r\nAdministrativa: Teresa Rodrigues D\u2019Aurea Furquim\r\n\r\nEditorial: Bruno D\u2019Aurea Furquim\r\n\r\n<a href=\"https:\/\/dentalpress.com.br\/portal\/especializacao-em-implantodontia-transforme-sua-carreira-com-precisao-e-seguranca\/\">Cursos<\/a>: Rachel Furquim Marson\r\n\r\nMarketing: Fernando Marson\r\n\r\n&nbsp;\r\n\r\n<strong>Editora\u00e7\u00e3o<\/strong>\r\n\r\nProdutor Editorial: Junior Bianchi\r\n\r\nProdu\u00e7\u00e3o Gr\u00e1fica e Eletr\u00f4nica:\u00a0Gild\u00e1sio Oliveira Reis J\u00fanior\r\n\r\nRevis\u00e3o\/Tradu\u00e7\u00e3o: \u00a0Ronis Furquim Siqueira\r\n\r\nSubmiss\u00e3o de artigos: Simone Lima Lopes Rafael \/ Kler Heloysa de Godoy \/ St\u00e9fani Rigamonte\r\n\r\n&nbsp;\r\n\r\n<strong>Cursos e Eventos<\/strong>\r\n\r\nRozeli Hypolito Garcia\r\n\r\nPoliana Rocha dos Santos\r\n\r\nDaiane Costa\r\n\r\nCarolina\r\n\r\n&nbsp;\r\n\r\n<strong>Comunica\u00e7\u00e3o<\/strong>\r\n\r\nCoordenador de Marketing: Jean Marcel\r\n\r\nEditora de Conte\u00fado: Renata Mastromauro\r\n\r\nWebmaster: Luiz Milani da Silva\r\n\r\nEstagi\u00e1ria: Ang\u00e9lica Nogaroto\r\n\r\n&nbsp;\r\n\r\n<strong>Banco de Dados<\/strong>\r\n\r\nCl\u00e9ber Augusto Rafael\r\n\r\n&nbsp;\r\n\r\n<strong>Comercial<\/strong>\r\n\r\nRoseneide Martins Garcia\r\n\r\nAline Mayara\r\n\r\nThais\r\n\r\n&nbsp;\r\n\r\n<strong>Telemarketing<\/strong>\r\n\r\nAna L\u00facia Prado\r\n\r\nJuc\u00e9lia Ribeiro\r\n\r\nTha\u00eds Mazzo\r\n\r\n&nbsp;\r\n\r\n<strong>Expedi\u00e7\u00e3o\/Faturamento<\/strong>\r\n\r\nRui Jorge Esteves da Silva\r\n\r\nLucyane Plonk\u00f3ski Nogueira\r\n\r\n&nbsp;\r\n\r\n<strong>Financeiro<\/strong>\r\n\r\nEliana Martins Vinha\r\n\r\nEstagi\u00e1ria: Edicl\u00e9ia da Silva\r\n\r\n&nbsp;\r\n\r\n<strong>Recursos Humanos<\/strong>\r\n\r\nJos\u00e9 Luiz da Luz Silva\r\n\r\n&nbsp;\r\n\r\n<strong>Recep\u00e7\u00e3o<\/strong>\r\n\r\nAna Paula Pires\r\n\r\n&nbsp;\r\n\r\n<strong>Servi\u00e7os Gerais<\/strong>\r\n\r\nMaria Gotardo\r\n\r\nSidneia Santos\r\n\r\nAlini Silva Dercilio\r\n\r\nRos\u00e2ngela\r\n\r\n&nbsp;\r\n\r\n&nbsp;\t\t\t\t\t\t\t\t<\/div>\n\t\t\t\t<\/div>\n\t\t\t\t\t<\/div>\n\t\t<\/div>\n\t\t\t\t\t<\/div>\n\t\t<\/section>\n\t\t\t\t<section class=\"elementor-section elementor-top-section elementor-element elementor-element-e318c12 elementor-section-boxed elementor-section-height-default elementor-section-height-default\" data-id=\"e318c12\" data-element_type=\"section\">\n\t\t\t\t\t\t<div class=\"elementor-container elementor-column-gap-default\">\n\t\t\t\t\t<div class=\"elementor-column elementor-col-100 elementor-top-column elementor-element elementor-element-3a1909e\" data-id=\"3a1909e\" data-element_type=\"column\">\n\t\t\t<div class=\"elementor-widget-wrap elementor-element-populated\">\n\t\t\t\t\t\t<div class=\"elementor-element elementor-element-8d126c1 elementor-widget elementor-widget-spacer\" data-id=\"8d126c1\" data-element_type=\"widget\" data-widget_type=\"spacer.default\">\n\t\t\t\t<div class=\"elementor-widget-container\">\n\t\t\t\t\t\t\t<div class=\"elementor-spacer\">\n\t\t\t<div class=\"elementor-spacer-inner\"><\/div>\n\t\t<\/div>\n\t\t\t\t\t\t<\/div>\n\t\t\t\t<\/div>\n\t\t\t\t<div class=\"elementor-element elementor-element-c296fa3 elementor-widget elementor-widget-heading\" data-id=\"c296fa3\" data-element_type=\"widget\" data-widget_type=\"heading.default\">\n\t\t\t\t<div class=\"elementor-widget-container\">\n\t\t\t\t\t<h2 class=\"elementor-heading-title elementor-size-default\">Em constru\u00e7\u00e3o ...<\/h2>\t\t\t\t<\/div>\n\t\t\t\t<\/div>\n\t\t\t\t\t<\/div>\n\t\t<\/div>\n\t\t\t\t\t<\/div>\n\t\t<\/section>\n\t\t\t\t<\/div>\n\t\t","protected":false},"excerpt":{"rendered":"<p>Publisher Laurindo Zanco Furquim &nbsp; Diretoria Administrativa: Teresa Rodrigues D\u2019Aurea Furquim Editorial: Bruno D\u2019Aurea Furquim Cursos: Rachel Furquim Marson Marketing: Fernando Marson &nbsp; Editora\u00e7\u00e3o Produtor Editorial: Junior Bianchi Produ\u00e7\u00e3o Gr\u00e1fica e Eletr\u00f4nica:\u00a0Gild\u00e1sio Oliveira Reis J\u00fanior Revis\u00e3o\/Tradu\u00e7\u00e3o: \u00a0Ronis Furquim Siqueira Submiss\u00e3o de artigos: Simone Lima Lopes Rafael \/ Kler Heloysa de Godoy \/ St\u00e9fani Rigamonte &nbsp;<\/p>\n","protected":false},"author":20,"featured_media":0,"parent":0,"menu_order":0,"comment_status":"open","ping_status":"open","template":"page-templates\/blocks.php","meta":{"footnotes":""},"class_list":["post-612","page","type-page","status-publish"],"aioseo_notices":[],"amp_enabled":false,"_links":{"self":[{"href":"https:\/\/dentalpress.com.br\/portal\/wp-json\/wp\/v2\/pages\/612","targetHints":{"allow":["GET"]}}],"collection":[{"href":"https:\/\/dentalpress.com.br\/portal\/wp-json\/wp\/v2\/pages"}],"about":[{"href":"https:\/\/dentalpress.com.br\/portal\/wp-json\/wp\/v2\/types\/page"}],"author":[{"embeddable":true,"href":"https:\/\/dentalpress.com.br\/portal\/wp-json\/wp\/v2\/users\/20"}],"replies":[{"embeddable":true,"href":"https:\/\/dentalpress.com.br\/portal\/wp-json\/wp\/v2\/comments?post=612"}],"version-history":[{"count":1,"href":"https:\/\/dentalpress.com.br\/portal\/wp-json\/wp\/v2\/pages\/612\/revisions"}],"predecessor-version":[{"id":47370,"href":"https:\/\/dentalpress.com.br\/portal\/wp-json\/wp\/v2\/pages\/612\/revisions\/47370"}],"wp:attachment":[{"href":"https:\/\/dentalpress.com.br\/portal\/wp-json\/wp\/v2\/media?parent=612"}],"curies":[{"name":"wp","href":"https:\/\/api.w.org\/{rel}","templated":true}]}}