{"id":607,"date":"2013-09-11T16:02:03","date_gmt":"2013-09-11T19:02:03","guid":{"rendered":"http:\/\/bangboo.com.br\/dentalpress\/?page_id=607"},"modified":"2025-10-08T19:52:31","modified_gmt":"2025-10-08T19:52:31","slug":"editora","status":"publish","type":"page","link":"https:\/\/dentalpress.com.br\/portal\/editora\/","title":{"rendered":"A Editora"},"content":{"rendered":"\t\t<div data-elementor-type=\"wp-page\" data-elementor-id=\"607\" class=\"elementor elementor-607\" data-elementor-post-type=\"page\">\n\t\t\t\t<div class=\"elementor-element elementor-element-5029a301 e-flex e-con-boxed e-con e-parent\" data-id=\"5029a301\" data-element_type=\"container\">\n\t\t\t\t\t<div class=\"e-con-inner\">\n\t\t\t\t<div class=\"elementor-element elementor-element-6dca9ba7 elementor-widget elementor-widget-text-editor\" data-id=\"6dca9ba7\" data-element_type=\"widget\" data-widget_type=\"text-editor.default\">\n\t\t\t\t<div class=\"elementor-widget-container\">\n\t\t\t\t\t\t\t\t\t<div><p align=\"center\"><a href=\"https:\/\/dentalpress.com.br\/portal\/wp-content\/uploads\/2013\/09\/logo.jpg\"><img decoding=\"async\" class=\"size-full wp-image-1150 alignleft\" src=\"https:\/\/dentalpress.com.br\/portal\/wp-content\/uploads\/2013\/09\/logo.jpg\" alt=\"logo\" width=\"400\" height=\"67\" \/><\/a><\/p><p style=\"text-align: right;\" align=\"center\"><b>Editora Dental Press: sua hist\u00f3ria<\/b><\/p><p style=\"text-align: right;\" align=\"center\"><i>Trajet<\/i><i>\u00f3<\/i><i>ria da empresa <\/i><i>\u00e9<\/i><i> marcada pela busca permanente\u00a0<\/i><i>por inova<\/i><i>\u00e7\u00e3<\/i><i>o e guiada pelos princ<\/i><i>\u00ed<\/i><i>pios da ci<\/i><i>\u00ea<\/i><i>ncia.<\/i><\/p><p><img fetchpriority=\"high\" decoding=\"async\" class=\"alignnone wp-image-47371 \" src=\"https:\/\/dentalpress.com.br\/portal\/wp-content\/uploads\/2025\/10\/WhatsApp-Image-2025-10-08-at-12.18.04-2-300x225.jpeg\" alt=\"\" width=\"397\" height=\"298\" srcset=\"\/wp-content\/uploads\/2025\/10\/WhatsApp-Image-2025-10-08-at-12.18.04-2-300x225.jpeg 300w, \/wp-content\/uploads\/2025\/10\/WhatsApp-Image-2025-10-08-at-12.18.04-2-1024x768.jpeg 1024w, \/wp-content\/uploads\/2025\/10\/WhatsApp-Image-2025-10-08-at-12.18.04-2-768x576.jpeg 768w, \/wp-content\/uploads\/2025\/10\/WhatsApp-Image-2025-10-08-at-12.18.04-2-150x113.jpeg 150w, \/wp-content\/uploads\/2025\/10\/WhatsApp-Image-2025-10-08-at-12.18.04-2-450x338.jpeg 450w, \/wp-content\/uploads\/2025\/10\/WhatsApp-Image-2025-10-08-at-12.18.04-2-1200x900.jpeg 1200w, \/wp-content\/uploads\/2025\/10\/WhatsApp-Image-2025-10-08-at-12.18.04-2.jpeg 1280w\" sizes=\"(max-width: 397px) 100vw, 397px\" \/><\/p><p>Foi do esp\u00edrito empreendedor e perseverante do cirurgi\u00e3o-dentista Laurindo Zanco Furquim que nasceu a Editora Dental Press, em<b> 1990<\/b>, na cidade de Maring\u00e1, no noroeste do Paran\u00e1. Ansioso por adquirir novos conceitos e t\u00e9cnicas na Odontologia, ele lan\u00e7ou o<i> Abstracts<\/i>, uma revista com tradu\u00e7\u00f5es de artigos publicados em l\u00edngua inglesa, que logo manifestou a principal miss\u00e3o da Dental Press: difundir pesquisas e pr\u00e1ticas cl\u00ednicas odontol\u00f3gicas.<\/p><p>Em <b>1994<\/b>, a Dental Press passou a promover <a href=\"https:\/\/dentalpress.com.br\/portal\/especializacao-em-implantodontia-transforme-sua-carreira-com-precisao-e-seguranca\/\">cursos<\/a> de <a href=\"https:\/\/dentalpress.com.br\/portal\/curso-de-aperfeicoamento-em-cirurgia-de-dentes-retidos\/\">Aperfei\u00e7oamento<\/a> e de <a href=\"https:\/\/dentalpress.com.br\/portal\/especializacao-em-harmonizacao-orofacial\/\">Especializa\u00e7\u00e3o<\/a> em <a href=\"https:\/\/dentalpress.com.br\/portal\/excelencia-em-alinhadores-e-ortodontia-digital-2\/\">Ortodontia<\/a>, em parceria com institui\u00e7\u00f5es de ensino. Tamb\u00e9m neste ano, foi realizado o 1\u00ba Congresso Internacional de Odontologia, que teve como destaque a presen\u00e7a do professor Leopoldino Capelozza Filho.<\/p><p>Desde ent\u00e3o, outros seis congressos foram realizados, reunindo mais de 5 mil cirurgi\u00f5es-dentistas de todo o pa\u00eds para ver de perto estrelas da odontologia mundial como Jay Bowman, James A. McNamara Jr., Roberto Justus, Bjorn Zachrisson, J\u00falia Harfin, Vincent Kokich Jr., Lawrence e Will Andrews, Ricardo Mitrani e Jason Cope, al\u00e9m dos maiores especialistas brasileiros como Alberto Consolaro, David Normando, Marcos Janson, Ertty Silva, Jorge Faber entre outros. A 8\u00aa edi\u00e7\u00e3o foi realizada entre 30 de abril e 2 de maio de 2015, com a presen\u00e7a do alem\u00e3o Benedict Wilmes.<\/p><p>A <i>Revista Dental Press de Ortodontia e Ortopedia Facial<\/i>, uma evolu\u00e7\u00e3o natural da pioneira <i>Abstracts<\/i>, foi lan\u00e7ada em <b>1996<\/b>, apresentando estudos cient\u00edficos produzidos por professores brasileiros das mais conceituadas universidades do pa\u00eds. Em poucas edi\u00e7\u00f5es, o peri\u00f3dico passou a ser o mais lido por especialistas da \u00e1rea.<\/p><p>A Dental Press ganhou, em <b>1999<\/b>, um novo instrumento efetivo de difus\u00e3o cient\u00edfica para seus in\u00fameros alunos e leitores: o <i><a href=\"https:\/\/dentalpress.com.br\/portal\/excelencia-em-ortodontia-2\/\">Excel\u00eancia<\/a> na Ortodontia<\/i>, o primeiro programa brasileiro de Educa\u00e7\u00e3o Continuada exclusivo para especialistas. Divido em cinco m\u00f3dulos, com cinco dias de dura\u00e7\u00e3o a cada dois meses, com aulas dos mais conceituados especialistas do Brasil, o formato foi t\u00e3o bem aceito pelos profissionais que outras duas especialidades ganharam cursos de Excel\u00eancia: Est\u00e9tica, em 2012, e <a href=\"https:\/\/dentalpress.com.br\/portal\/excelencia-em-implantodontia-2\/\">Implantodontia<\/a>, no ano seguinte.<\/p><p>Em <b>2002<\/b>, a editora ampliou seu portf\u00f3lio com a\u00a0Revista Cl\u00ednica de Ortodontia Dental Press. Al\u00e9m de estudos cient\u00edficos, o peri\u00f3dico apresenta textos de interesse cl\u00ednico, como novas t\u00e9cnicas e gest\u00e3o. Atualmente, \u00e9 a revista mais lida por ortodontistas brasileiros. No mesmo ano, a Dental Press editou seu primeiro livro, o <i>Reabsor\u00e7\u00f5es Dent\u00e1rias nas Especialidades Cl\u00ednicas<\/i>, de Alberto Consolaro.<\/p><p>Hoje, a editora j\u00e1 soma mais de <b>80 livros<\/b> publicados, de importantes autores da odontologia nacional como Leopoldino Capelozza Filho, Ertty Silva, Alberto Consolaro, Carlos Alberto G. Cabrera, Marcos Janson, Sidney Kina, Antenor Araujo, Adriano Marotta Araujo, Cla\u00fadia Cia Worschech, Messias Rodrigues, Marcio Rodrigues de Almeida , Ewerton Nocchi, Renato Rodrigues de Almeida, Antonio Carlos Ruellas, S\u00e9rgio Tufik, entre outros.<\/p><p>Ciente da constante evolu\u00e7\u00e3o das t\u00e9cnicas utilizadas na Odontologia Est\u00e9tica e da exig\u00eancia cada vez maior dos pacientes, a editora criou em <b>2004<\/b> a\u00a0Revista Dental Press de Est\u00e9tica,\u00a0em parceria com a Sociedade Brasileira de Odontologia Est\u00e9tica (SBOE). Tr\u00eas anos depois, em <b>2007<\/b>, nasceu a\u00a0Revista Dental Press de Periodontia e Implantologia, que desde <b>2012<\/b> \u00e9 publicada em portugu\u00eas e ingl\u00eas e passou a se chamar\u00a0Dental Press Implantology.<\/p><p>Atenta \u00e0s exig\u00eancias internacionais de visibilidade e propaga\u00e7\u00e3o de trabalhos cient\u00edficos, a primeira revista da editora, a <i>Revista Dental Press de Ortodontia e Ortopedia Facial<\/i>, tornou-se, em janeiro de <b>2010<\/b>, o <i>Dental Press Journal of Orthodontics,<\/i> publicado oficialmente em ingl\u00eas com vers\u00e3o em l\u00edngua portuguesa. <i>\u00a0<\/i><\/p><p>O ano de<b> 2011<\/b> foi marcado por inova\u00e7\u00f5es tecnol\u00f3gicas no setor editorial da Dental Press. Com o lan\u00e7amento da revista <i>Dental Press Endodontics<\/i>, a editora se lan\u00e7ou no mercado digital com um aplicativo para iPad com vers\u00e3o n\u00e3o s\u00f3 do novo peri\u00f3dico, mas de todas as revistas com selo Dental Press. Em vez de recursos gr\u00e1ficos est\u00e1ticos e limitados, foram disponibilizadas novas formas de intera\u00e7\u00e3o, como slide-shows, v\u00eddeos, \u00e1udios e infogr\u00e1ficos. Desde ent\u00e3o, o <i>app<\/i> ocupa lugar de destaque na Apple Store.<\/p><p>Ainda em <b>2011<\/b>, a Dental Press foi um dos dez finalistas do 53\u00ba Pr\u00eamio Jabuti de literatura, o de maior relev\u00e2ncia editorial do Brasil, na categoria \u201cCi\u00eancias da Sa\u00fade\u201d, com o livro\u00a0\u201cOrthol\u00f3gica \u2013 Solu\u00e7\u00f5es Ortod\u00f4nticas L\u00f3gicas\u201d\u00a0de Carlos Alberto G. Cabrera, Marise de Castro Cabrera e Laura de Castro Cabrera.<\/p><p>Em janeiro de <b>2013<\/b> a Dental Press inaugurou sua nova sede, um amplo pr\u00e9dio que abriga a editora, o centro educacional e a cl\u00ednica particular da fam\u00edlia Furquim, para garantir mais conforto e infraestrutura a alunos, pacientes e colaboradores.<\/p><p>A mais recente conquista editorial da Dental Press \u00e9 o Journal of the Brazilian College of Oral and Maxillofacial Surgery (JBCOMS), publica\u00e7\u00e3o oficial do Col\u00e9gio Brasileiro de Cirurgia e Traumatologia Buco-Maxilo-Facial (CBCTBMF), lan\u00e7ada em janeiro de<b> 2015<\/b>. O objetivo \u00e9 publicar artigos cient\u00edficos da mais alta qualidade \u2013 sobre temas relevantes e atualizados \u2013 para os especialistas em Cirurgia e Traumatologia Bucomaxilofacial.<\/p><p>Ap\u00f3s 25 anos de inova\u00e7\u00e3o e ousadia, a Dental Press \u00e9 considerada a maior editora de revistas cient\u00edficas e livros na \u00e1rea da Odontologia no pa\u00eds. Desde sua funda\u00e7\u00e3o, preocupa-se em antecipar realidades e propagar eticamente informa\u00e7\u00f5es cient\u00edficas e pr\u00e1ticas cl\u00ednicas em diversas especialidades da Odontologia.<\/p><\/div><p id=\"E66\"><strong>Miss\u00e3o<\/strong><\/p><p id=\"E69\">Disseminar informa\u00e7\u00e3o cient\u00edfica de qualidade, garantindo o acesso da comunidade nacional e internacional \u00e0 pesquisa e pr\u00e1ticas cl\u00ednicas da odontologia brasileira, por meio de peri\u00f3dicos, livros e educa\u00e7\u00e3o continuada.<\/p><p id=\"E74\"><strong>Vis\u00e3o<\/strong><\/p><p>Ampliar a dissemina\u00e7\u00e3o da ci\u00eancia odontol\u00f3gica brasileira para o mundo, internacionalizando os produtos da empresa.<\/p><p id=\"E80\"><strong>Valores<\/strong><\/p><p id=\"E82\">Excel\u00eancia; Qualidade; Ousadia; Inova\u00e7\u00e3o; Credibilidade.<\/p>\t\t\t\t\t\t\t\t<\/div>\n\t\t\t\t<\/div>\n\t\t\t\t\t<\/div>\n\t\t\t\t<\/div>\n\t\t\t\t<\/div>\n\t\t","protected":false},"excerpt":{"rendered":"<p>Editora Dental Press: sua hist\u00f3ria Trajet\u00f3ria da empresa \u00e9 marcada pela busca permanente\u00a0por inova\u00e7\u00e3o e guiada pelos princ\u00edpios da ci\u00eancia. Foi do esp\u00edrito empreendedor e perseverante do cirurgi\u00e3o-dentista Laurindo Zanco Furquim que nasceu a Editora Dental Press, em 1990, na cidade de Maring\u00e1, no noroeste do Paran\u00e1. Ansioso por adquirir novos conceitos e t\u00e9cnicas na<\/p>\n","protected":false},"author":20,"featured_media":0,"parent":0,"menu_order":0,"comment_status":"open","ping_status":"open","template":"page-templates\/blocks.php","meta":{"footnotes":""},"class_list":["post-607","page","type-page","status-publish"],"aioseo_notices":[],"amp_enabled":false,"_links":{"self":[{"href":"https:\/\/dentalpress.com.br\/portal\/wp-json\/wp\/v2\/pages\/607","targetHints":{"allow":["GET"]}}],"collection":[{"href":"https:\/\/dentalpress.com.br\/portal\/wp-json\/wp\/v2\/pages"}],"about":[{"href":"https:\/\/dentalpress.com.br\/portal\/wp-json\/wp\/v2\/types\/page"}],"author":[{"embeddable":true,"href":"https:\/\/dentalpress.com.br\/portal\/wp-json\/wp\/v2\/users\/20"}],"replies":[{"embeddable":true,"href":"https:\/\/dentalpress.com.br\/portal\/wp-json\/wp\/v2\/comments?post=607"}],"version-history":[{"count":3,"href":"https:\/\/dentalpress.com.br\/portal\/wp-json\/wp\/v2\/pages\/607\/revisions"}],"predecessor-version":[{"id":47406,"href":"https:\/\/dentalpress.com.br\/portal\/wp-json\/wp\/v2\/pages\/607\/revisions\/47406"}],"wp:attachment":[{"href":"https:\/\/dentalpress.com.br\/portal\/wp-json\/wp\/v2\/media?parent=607"}],"curies":[{"name":"wp","href":"https:\/\/api.w.org\/{rel}","templated":true}]}}