{"id":47416,"date":"2025-10-08T20:23:32","date_gmt":"2025-10-08T20:23:32","guid":{"rendered":"https:\/\/dentalpress.com.br\/portal\/?page_id=47416"},"modified":"2025-10-08T20:33:08","modified_gmt":"2025-10-08T20:33:08","slug":"estrutura-educacional-dental-press","status":"publish","type":"page","link":"https:\/\/dentalpress.com.br\/portal\/estrutura-educacional-dental-press\/","title":{"rendered":"Estrutura educacional &#8211; Dental Press"},"content":{"rendered":"\t\t<div data-elementor-type=\"wp-page\" data-elementor-id=\"47416\" class=\"elementor elementor-47416\" data-elementor-post-type=\"page\">\n\t\t\t\t<div class=\"elementor-element elementor-element-1ffeece e-flex e-con-boxed e-con e-parent\" data-id=\"1ffeece\" data-element_type=\"container\">\n\t\t\t\t\t<div class=\"e-con-inner\">\n\t\t<div class=\"elementor-element elementor-element-edecdef e-con-full e-flex e-con e-child\" data-id=\"edecdef\" data-element_type=\"container\">\n\t\t\t\t<div class=\"elementor-element elementor-element-5536675 elementor-widget elementor-widget-image\" data-id=\"5536675\" data-element_type=\"widget\" data-widget_type=\"image.default\">\n\t\t\t\t<div class=\"elementor-widget-container\">\n\t\t\t\t\t\t\t\t\t\t\t\t\t\t\t<img fetchpriority=\"high\" decoding=\"async\" width=\"788\" height=\"591\" src=\"https:\/\/dentalpress.com.br\/wp-content\/uploads\/2025\/10\/WhatsApp-Image-2025-10-08-at-17.25.39-1-1024x768.jpeg\" class=\"attachment-large size-large wp-image-47418\" alt=\"\" srcset=\"\/wp-content\/uploads\/2025\/10\/WhatsApp-Image-2025-10-08-at-17.25.39-1-1024x768.jpeg 1024w, \/wp-content\/uploads\/2025\/10\/WhatsApp-Image-2025-10-08-at-17.25.39-1-300x225.jpeg 300w, \/wp-content\/uploads\/2025\/10\/WhatsApp-Image-2025-10-08-at-17.25.39-1-768x576.jpeg 768w, \/wp-content\/uploads\/2025\/10\/WhatsApp-Image-2025-10-08-at-17.25.39-1-1536x1152.jpeg 1536w, \/wp-content\/uploads\/2025\/10\/WhatsApp-Image-2025-10-08-at-17.25.39-1-150x113.jpeg 150w, \/wp-content\/uploads\/2025\/10\/WhatsApp-Image-2025-10-08-at-17.25.39-1-450x338.jpeg 450w, \/wp-content\/uploads\/2025\/10\/WhatsApp-Image-2025-10-08-at-17.25.39-1-1200x900.jpeg 1200w, \/wp-content\/uploads\/2025\/10\/WhatsApp-Image-2025-10-08-at-17.25.39-1.jpeg 1600w\" sizes=\"(max-width: 788px) 100vw, 788px\" \/>\t\t\t\t\t\t\t\t\t\t\t\t\t\t\t<\/div>\n\t\t\t\t<\/div>\n\t\t\t\t<\/div>\n\t\t<div class=\"elementor-element elementor-element-36a1418 e-con-full e-flex e-con e-child\" data-id=\"36a1418\" data-element_type=\"container\">\n\t\t\t\t<div class=\"elementor-element elementor-element-c320be3 elementor-widget elementor-widget-heading\" data-id=\"c320be3\" data-element_type=\"widget\" data-widget_type=\"heading.default\">\n\t\t\t\t<div class=\"elementor-widget-container\">\n\t\t\t\t\t<h1 class=\"elementor-heading-title elementor-size-default\">Infraestrutura Educacional de Excel\u00eancia<\/h1>\t\t\t\t<\/div>\n\t\t\t\t<\/div>\n\t\t\t\t<div class=\"elementor-element elementor-element-acc9f17 elementor-widget elementor-widget-heading\" data-id=\"acc9f17\" data-element_type=\"widget\" data-widget_type=\"heading.default\">\n\t\t\t\t<div class=\"elementor-widget-container\">\n\t\t\t\t\t<h3 class=\"elementor-heading-title elementor-size-default\">Na DentalPress, acreditamos que o ambiente de aprendizado \u00e9 parte essencial da forma\u00e7\u00e3o profissional. Por isso, nossa infraestrutura educacional foi projetada para unir tecnologia, conforto e inspira\u00e7\u00e3o, oferecendo aos alunos um espa\u00e7o completo para o desenvolvimento cient\u00edfico e humano.\n\nNosso anfiteatro conta com estrutura moderna, projetores de alta defini\u00e7\u00e3o e conforto ac\u00fastico, ideal para palestras, congressos e aulas magnas. As salas de aula s\u00e3o amplas, climatizadas e equipadas com recursos audiovisuais de \u00faltima gera\u00e7\u00e3o, proporcionando uma experi\u00eancia de aprendizado din\u00e2mica e envolvente.\n\nA biblioteca DentalPress \u00e9 um verdadeiro centro de conhecimento, com um acervo atualizado e especializado nas diversas \u00e1reas da Odontologia, al\u00e9m de oferecer ambientes silenciosos e acolhedores para estudo e pesquisa.\n\nCada detalhe \u2014 da ergonomia dos m\u00f3veis \u00e0 ilumina\u00e7\u00e3o natural \u2014 foi cuidadosamente pensado para garantir bem-estar, foco e produtividade. Assim, a DentalPress se consolida como um espa\u00e7o onde a educa\u00e7\u00e3o e a inova\u00e7\u00e3o caminham lado a lado, promovendo o crescimento de profissionais preparados para o futuro.<\/h3>\t\t\t\t<\/div>\n\t\t\t\t<\/div>\n\t\t\t\t<\/div>\n\t\t\t\t\t<\/div>\n\t\t\t\t<\/div>\n\t\t<div class=\"elementor-element elementor-element-dbc0df6 e-flex e-con-boxed e-con e-parent\" data-id=\"dbc0df6\" data-element_type=\"container\">\n\t\t\t\t\t<div class=\"e-con-inner\">\n\t\t<div class=\"elementor-element elementor-element-762e1ac e-con-full e-flex e-con e-child\" data-id=\"762e1ac\" data-element_type=\"container\">\n\t\t\t\t<div class=\"elementor-element elementor-element-17d0b76 elementor-widget elementor-widget-image\" data-id=\"17d0b76\" data-element_type=\"widget\" data-widget_type=\"image.default\">\n\t\t\t\t<div class=\"elementor-widget-container\">\n\t\t\t\t\t\t\t\t\t\t\t\t\t\t\t<img decoding=\"async\" width=\"788\" height=\"591\" src=\"https:\/\/dentalpress.com.br\/wp-content\/uploads\/2025\/10\/WhatsApp-Image-2025-10-08-at-12.18.09-1024x768.jpeg\" class=\"attachment-large size-large wp-image-47427\" alt=\"\" srcset=\"\/wp-content\/uploads\/2025\/10\/WhatsApp-Image-2025-10-08-at-12.18.09-1024x768.jpeg 1024w, \/wp-content\/uploads\/2025\/10\/WhatsApp-Image-2025-10-08-at-12.18.09-300x225.jpeg 300w, \/wp-content\/uploads\/2025\/10\/WhatsApp-Image-2025-10-08-at-12.18.09-768x576.jpeg 768w, \/wp-content\/uploads\/2025\/10\/WhatsApp-Image-2025-10-08-at-12.18.09-1536x1152.jpeg 1536w, \/wp-content\/uploads\/2025\/10\/WhatsApp-Image-2025-10-08-at-12.18.09-150x113.jpeg 150w, \/wp-content\/uploads\/2025\/10\/WhatsApp-Image-2025-10-08-at-12.18.09-450x338.jpeg 450w, \/wp-content\/uploads\/2025\/10\/WhatsApp-Image-2025-10-08-at-12.18.09-1200x900.jpeg 1200w, \/wp-content\/uploads\/2025\/10\/WhatsApp-Image-2025-10-08-at-12.18.09.jpeg 1600w\" sizes=\"(max-width: 788px) 100vw, 788px\" \/>\t\t\t\t\t\t\t\t\t\t\t\t\t\t\t<\/div>\n\t\t\t\t<\/div>\n\t\t\t\t<\/div>\n\t\t<div class=\"elementor-element elementor-element-d99e54e e-con-full e-flex e-con e-child\" data-id=\"d99e54e\" data-element_type=\"container\">\n\t\t\t\t<div class=\"elementor-element elementor-element-5e53018 elementor-widget elementor-widget-image\" data-id=\"5e53018\" data-element_type=\"widget\" data-widget_type=\"image.default\">\n\t\t\t\t<div class=\"elementor-widget-container\">\n\t\t\t\t\t\t\t\t\t\t\t\t\t\t\t<img decoding=\"async\" width=\"788\" height=\"591\" src=\"https:\/\/dentalpress.com.br\/wp-content\/uploads\/2025\/10\/WhatsApp-Image-2025-10-08-at-12.18.11-2-1024x768.jpeg\" class=\"attachment-large size-large wp-image-47423\" alt=\"\" srcset=\"\/wp-content\/uploads\/2025\/10\/WhatsApp-Image-2025-10-08-at-12.18.11-2-1024x768.jpeg 1024w, \/wp-content\/uploads\/2025\/10\/WhatsApp-Image-2025-10-08-at-12.18.11-2-300x225.jpeg 300w, \/wp-content\/uploads\/2025\/10\/WhatsApp-Image-2025-10-08-at-12.18.11-2-768x576.jpeg 768w, \/wp-content\/uploads\/2025\/10\/WhatsApp-Image-2025-10-08-at-12.18.11-2-1536x1152.jpeg 1536w, \/wp-content\/uploads\/2025\/10\/WhatsApp-Image-2025-10-08-at-12.18.11-2-150x113.jpeg 150w, \/wp-content\/uploads\/2025\/10\/WhatsApp-Image-2025-10-08-at-12.18.11-2-450x338.jpeg 450w, \/wp-content\/uploads\/2025\/10\/WhatsApp-Image-2025-10-08-at-12.18.11-2-1200x900.jpeg 1200w, \/wp-content\/uploads\/2025\/10\/WhatsApp-Image-2025-10-08-at-12.18.11-2.jpeg 1600w\" sizes=\"(max-width: 788px) 100vw, 788px\" \/>\t\t\t\t\t\t\t\t\t\t\t\t\t\t\t<\/div>\n\t\t\t\t<\/div>\n\t\t\t\t<\/div>\n\t\t<div class=\"elementor-element elementor-element-8cdd724 e-con-full e-flex e-con e-child\" data-id=\"8cdd724\" data-element_type=\"container\">\n\t\t\t\t<div class=\"elementor-element elementor-element-4308041 elementor-widget elementor-widget-image\" data-id=\"4308041\" data-element_type=\"widget\" data-widget_type=\"image.default\">\n\t\t\t\t<div class=\"elementor-widget-container\">\n\t\t\t\t\t\t\t\t\t\t\t\t\t\t\t<img loading=\"lazy\" decoding=\"async\" width=\"788\" height=\"591\" src=\"https:\/\/dentalpress.com.br\/wp-content\/uploads\/2025\/10\/WhatsApp-Image-2025-10-08-at-12.18.12-3-1024x768.jpeg\" class=\"attachment-large size-large wp-image-47422\" alt=\"\" srcset=\"\/wp-content\/uploads\/2025\/10\/WhatsApp-Image-2025-10-08-at-12.18.12-3-1024x768.jpeg 1024w, \/wp-content\/uploads\/2025\/10\/WhatsApp-Image-2025-10-08-at-12.18.12-3-300x225.jpeg 300w, \/wp-content\/uploads\/2025\/10\/WhatsApp-Image-2025-10-08-at-12.18.12-3-768x576.jpeg 768w, \/wp-content\/uploads\/2025\/10\/WhatsApp-Image-2025-10-08-at-12.18.12-3-1536x1152.jpeg 1536w, \/wp-content\/uploads\/2025\/10\/WhatsApp-Image-2025-10-08-at-12.18.12-3-150x113.jpeg 150w, \/wp-content\/uploads\/2025\/10\/WhatsApp-Image-2025-10-08-at-12.18.12-3-450x338.jpeg 450w, \/wp-content\/uploads\/2025\/10\/WhatsApp-Image-2025-10-08-at-12.18.12-3-1200x900.jpeg 1200w, \/wp-content\/uploads\/2025\/10\/WhatsApp-Image-2025-10-08-at-12.18.12-3.jpeg 1600w\" sizes=\"(max-width: 788px) 100vw, 788px\" \/>\t\t\t\t\t\t\t\t\t\t\t\t\t\t\t<\/div>\n\t\t\t\t<\/div>\n\t\t\t\t<\/div>\n\t\t<div class=\"elementor-element elementor-element-e39b856 e-con-full e-flex e-con e-child\" data-id=\"e39b856\" data-element_type=\"container\">\n\t\t\t\t<div class=\"elementor-element elementor-element-fc393e3 elementor-widget elementor-widget-image\" data-id=\"fc393e3\" data-element_type=\"widget\" data-widget_type=\"image.default\">\n\t\t\t\t<div class=\"elementor-widget-container\">\n\t\t\t\t\t\t\t\t\t\t\t\t\t\t\t<img loading=\"lazy\" decoding=\"async\" width=\"788\" height=\"591\" src=\"https:\/\/dentalpress.com.br\/wp-content\/uploads\/2025\/10\/WhatsApp-Image-2025-10-08-at-12.18.12-2-1024x768.jpeg\" class=\"attachment-large size-large wp-image-47420\" alt=\"\" srcset=\"\/wp-content\/uploads\/2025\/10\/WhatsApp-Image-2025-10-08-at-12.18.12-2-1024x768.jpeg 1024w, \/wp-content\/uploads\/2025\/10\/WhatsApp-Image-2025-10-08-at-12.18.12-2-300x225.jpeg 300w, \/wp-content\/uploads\/2025\/10\/WhatsApp-Image-2025-10-08-at-12.18.12-2-768x576.jpeg 768w, \/wp-content\/uploads\/2025\/10\/WhatsApp-Image-2025-10-08-at-12.18.12-2-1536x1152.jpeg 1536w, \/wp-content\/uploads\/2025\/10\/WhatsApp-Image-2025-10-08-at-12.18.12-2-150x113.jpeg 150w, \/wp-content\/uploads\/2025\/10\/WhatsApp-Image-2025-10-08-at-12.18.12-2-450x338.jpeg 450w, \/wp-content\/uploads\/2025\/10\/WhatsApp-Image-2025-10-08-at-12.18.12-2-1200x900.jpeg 1200w, \/wp-content\/uploads\/2025\/10\/WhatsApp-Image-2025-10-08-at-12.18.12-2.jpeg 1600w\" sizes=\"(max-width: 788px) 100vw, 788px\" \/>\t\t\t\t\t\t\t\t\t\t\t\t\t\t\t<\/div>\n\t\t\t\t<\/div>\n\t\t\t\t<\/div>\n\t\t<div class=\"elementor-element elementor-element-1fd8bee e-con-full e-flex e-con e-child\" data-id=\"1fd8bee\" data-element_type=\"container\">\n\t\t\t\t<div class=\"elementor-element elementor-element-70b7edf elementor-widget elementor-widget-image\" data-id=\"70b7edf\" data-element_type=\"widget\" data-widget_type=\"image.default\">\n\t\t\t\t<div class=\"elementor-widget-container\">\n\t\t\t\t\t\t\t\t\t\t\t\t\t\t\t<img loading=\"lazy\" decoding=\"async\" width=\"788\" height=\"591\" src=\"https:\/\/dentalpress.com.br\/wp-content\/uploads\/2025\/10\/WhatsApp-Image-2025-10-08-at-12.18.11-1-1-1024x768.jpeg\" class=\"attachment-large size-large wp-image-47424\" alt=\"\" srcset=\"\/wp-content\/uploads\/2025\/10\/WhatsApp-Image-2025-10-08-at-12.18.11-1-1-1024x768.jpeg 1024w, \/wp-content\/uploads\/2025\/10\/WhatsApp-Image-2025-10-08-at-12.18.11-1-1-300x225.jpeg 300w, \/wp-content\/uploads\/2025\/10\/WhatsApp-Image-2025-10-08-at-12.18.11-1-1-768x576.jpeg 768w, \/wp-content\/uploads\/2025\/10\/WhatsApp-Image-2025-10-08-at-12.18.11-1-1-1536x1152.jpeg 1536w, \/wp-content\/uploads\/2025\/10\/WhatsApp-Image-2025-10-08-at-12.18.11-1-1-150x113.jpeg 150w, \/wp-content\/uploads\/2025\/10\/WhatsApp-Image-2025-10-08-at-12.18.11-1-1-450x338.jpeg 450w, \/wp-content\/uploads\/2025\/10\/WhatsApp-Image-2025-10-08-at-12.18.11-1-1-1200x900.jpeg 1200w, \/wp-content\/uploads\/2025\/10\/WhatsApp-Image-2025-10-08-at-12.18.11-1-1.jpeg 1600w\" sizes=\"(max-width: 788px) 100vw, 788px\" \/>\t\t\t\t\t\t\t\t\t\t\t\t\t\t\t<\/div>\n\t\t\t\t<\/div>\n\t\t\t\t<\/div>\n\t\t<div class=\"elementor-element elementor-element-146bcfd e-con-full e-flex e-con e-child\" data-id=\"146bcfd\" data-element_type=\"container\">\n\t\t\t\t<div class=\"elementor-element elementor-element-cdde2c3 elementor-widget elementor-widget-image\" data-id=\"cdde2c3\" data-element_type=\"widget\" data-widget_type=\"image.default\">\n\t\t\t\t<div class=\"elementor-widget-container\">\n\t\t\t\t\t\t\t\t\t\t\t\t\t\t\t<img loading=\"lazy\" decoding=\"async\" width=\"788\" height=\"591\" src=\"https:\/\/dentalpress.com.br\/wp-content\/uploads\/2025\/10\/WhatsApp-Image-2025-10-08-at-12.18.00-1-1024x768.jpeg\" class=\"attachment-large size-large wp-image-47392\" alt=\"\" srcset=\"\/wp-content\/uploads\/2025\/10\/WhatsApp-Image-2025-10-08-at-12.18.00-1-1024x768.jpeg 1024w, \/wp-content\/uploads\/2025\/10\/WhatsApp-Image-2025-10-08-at-12.18.00-1-300x225.jpeg 300w, \/wp-content\/uploads\/2025\/10\/WhatsApp-Image-2025-10-08-at-12.18.00-1-768x576.jpeg 768w, \/wp-content\/uploads\/2025\/10\/WhatsApp-Image-2025-10-08-at-12.18.00-1-150x113.jpeg 150w, \/wp-content\/uploads\/2025\/10\/WhatsApp-Image-2025-10-08-at-12.18.00-1-450x338.jpeg 450w, \/wp-content\/uploads\/2025\/10\/WhatsApp-Image-2025-10-08-at-12.18.00-1-1200x900.jpeg 1200w, \/wp-content\/uploads\/2025\/10\/WhatsApp-Image-2025-10-08-at-12.18.00-1.jpeg 1280w\" sizes=\"(max-width: 788px) 100vw, 788px\" \/>\t\t\t\t\t\t\t\t\t\t\t\t\t\t\t<\/div>\n\t\t\t\t<\/div>\n\t\t\t\t<\/div>\n\t\t\t\t\t<\/div>\n\t\t\t\t<\/div>\n\t\t<div class=\"elementor-element elementor-element-70b6d6f e-flex e-con-boxed e-con e-parent\" data-id=\"70b6d6f\" data-element_type=\"container\">\n\t\t\t\t\t<div class=\"e-con-inner\">\n\t\t<div class=\"elementor-element elementor-element-de66f9b e-con-full e-flex e-con e-child\" data-id=\"de66f9b\" data-element_type=\"container\">\n\t\t\t\t<div class=\"elementor-element elementor-element-5413b98 elementor-widget elementor-widget-image\" data-id=\"5413b98\" data-element_type=\"widget\" data-widget_type=\"image.default\">\n\t\t\t\t<div class=\"elementor-widget-container\">\n\t\t\t\t\t\t\t\t\t\t\t\t\t\t\t<img loading=\"lazy\" decoding=\"async\" width=\"788\" height=\"591\" src=\"https:\/\/dentalpress.com.br\/wp-content\/uploads\/2025\/10\/WhatsApp-Image-2025-10-08-at-12.18.09-3-1024x768.jpeg\" class=\"attachment-large size-large wp-image-47426\" alt=\"\" srcset=\"\/wp-content\/uploads\/2025\/10\/WhatsApp-Image-2025-10-08-at-12.18.09-3-1024x768.jpeg 1024w, \/wp-content\/uploads\/2025\/10\/WhatsApp-Image-2025-10-08-at-12.18.09-3-300x225.jpeg 300w, \/wp-content\/uploads\/2025\/10\/WhatsApp-Image-2025-10-08-at-12.18.09-3-768x576.jpeg 768w, \/wp-content\/uploads\/2025\/10\/WhatsApp-Image-2025-10-08-at-12.18.09-3-1536x1152.jpeg 1536w, \/wp-content\/uploads\/2025\/10\/WhatsApp-Image-2025-10-08-at-12.18.09-3-150x113.jpeg 150w, \/wp-content\/uploads\/2025\/10\/WhatsApp-Image-2025-10-08-at-12.18.09-3-450x338.jpeg 450w, \/wp-content\/uploads\/2025\/10\/WhatsApp-Image-2025-10-08-at-12.18.09-3-1200x900.jpeg 1200w, \/wp-content\/uploads\/2025\/10\/WhatsApp-Image-2025-10-08-at-12.18.09-3.jpeg 1600w\" sizes=\"(max-width: 788px) 100vw, 788px\" \/>\t\t\t\t\t\t\t\t\t\t\t\t\t\t\t<\/div>\n\t\t\t\t<\/div>\n\t\t\t\t<\/div>\n\t\t<div class=\"elementor-element elementor-element-6a7f7b8 e-con-full e-flex e-con e-child\" data-id=\"6a7f7b8\" data-element_type=\"container\">\n\t\t\t\t<div class=\"elementor-element elementor-element-91813f4 elementor-widget elementor-widget-image\" data-id=\"91813f4\" data-element_type=\"widget\" data-widget_type=\"image.default\">\n\t\t\t\t<div class=\"elementor-widget-container\">\n\t\t\t\t\t\t\t\t\t\t\t\t\t\t\t<img loading=\"lazy\" decoding=\"async\" width=\"788\" height=\"591\" src=\"https:\/\/dentalpress.com.br\/wp-content\/uploads\/2025\/10\/WhatsApp-Image-2025-10-08-at-12.18.10-1024x768.jpeg\" class=\"attachment-large size-large wp-image-47425\" alt=\"\" srcset=\"\/wp-content\/uploads\/2025\/10\/WhatsApp-Image-2025-10-08-at-12.18.10-1024x768.jpeg 1024w, \/wp-content\/uploads\/2025\/10\/WhatsApp-Image-2025-10-08-at-12.18.10-300x225.jpeg 300w, \/wp-content\/uploads\/2025\/10\/WhatsApp-Image-2025-10-08-at-12.18.10-768x576.jpeg 768w, \/wp-content\/uploads\/2025\/10\/WhatsApp-Image-2025-10-08-at-12.18.10-1536x1152.jpeg 1536w, \/wp-content\/uploads\/2025\/10\/WhatsApp-Image-2025-10-08-at-12.18.10-150x113.jpeg 150w, \/wp-content\/uploads\/2025\/10\/WhatsApp-Image-2025-10-08-at-12.18.10-450x338.jpeg 450w, \/wp-content\/uploads\/2025\/10\/WhatsApp-Image-2025-10-08-at-12.18.10-1200x900.jpeg 1200w, \/wp-content\/uploads\/2025\/10\/WhatsApp-Image-2025-10-08-at-12.18.10.jpeg 1600w\" sizes=\"(max-width: 788px) 100vw, 788px\" \/>\t\t\t\t\t\t\t\t\t\t\t\t\t\t\t<\/div>\n\t\t\t\t<\/div>\n\t\t\t\t<\/div>\n\t\t<div class=\"elementor-element elementor-element-4d7e7df e-con-full e-flex e-con e-child\" data-id=\"4d7e7df\" data-element_type=\"container\">\n\t\t\t\t<div class=\"elementor-element elementor-element-5716029 elementor-widget elementor-widget-image\" data-id=\"5716029\" data-element_type=\"widget\" data-widget_type=\"image.default\">\n\t\t\t\t<div class=\"elementor-widget-container\">\n\t\t\t\t\t\t\t\t\t\t\t\t\t\t\t<img loading=\"lazy\" decoding=\"async\" width=\"788\" height=\"591\" src=\"https:\/\/dentalpress.com.br\/wp-content\/uploads\/2025\/10\/WhatsApp-Image-2025-10-08-at-12.17.59-1024x768.jpeg\" class=\"attachment-large size-large wp-image-47398\" alt=\"\" srcset=\"\/wp-content\/uploads\/2025\/10\/WhatsApp-Image-2025-10-08-at-12.17.59-1024x768.jpeg 1024w, \/wp-content\/uploads\/2025\/10\/WhatsApp-Image-2025-10-08-at-12.17.59-300x225.jpeg 300w, \/wp-content\/uploads\/2025\/10\/WhatsApp-Image-2025-10-08-at-12.17.59-768x576.jpeg 768w, \/wp-content\/uploads\/2025\/10\/WhatsApp-Image-2025-10-08-at-12.17.59-150x113.jpeg 150w, \/wp-content\/uploads\/2025\/10\/WhatsApp-Image-2025-10-08-at-12.17.59-450x338.jpeg 450w, \/wp-content\/uploads\/2025\/10\/WhatsApp-Image-2025-10-08-at-12.17.59-1200x900.jpeg 1200w, \/wp-content\/uploads\/2025\/10\/WhatsApp-Image-2025-10-08-at-12.17.59.jpeg 1280w\" sizes=\"(max-width: 788px) 100vw, 788px\" \/>\t\t\t\t\t\t\t\t\t\t\t\t\t\t\t<\/div>\n\t\t\t\t<\/div>\n\t\t\t\t<\/div>\n\t\t<div class=\"elementor-element elementor-element-2245860 e-con-full e-flex e-con e-child\" data-id=\"2245860\" data-element_type=\"container\">\n\t\t\t\t<div class=\"elementor-element elementor-element-5ca6ed6 elementor-widget elementor-widget-image\" data-id=\"5ca6ed6\" data-element_type=\"widget\" data-widget_type=\"image.default\">\n\t\t\t\t<div class=\"elementor-widget-container\">\n\t\t\t\t\t\t\t\t\t\t\t\t\t\t\t<img loading=\"lazy\" decoding=\"async\" width=\"788\" height=\"591\" src=\"https:\/\/dentalpress.com.br\/wp-content\/uploads\/2025\/10\/WhatsApp-Image-2025-10-08-at-12.17.51-1024x768.jpeg\" class=\"attachment-large size-large wp-image-47399\" alt=\"\" srcset=\"\/wp-content\/uploads\/2025\/10\/WhatsApp-Image-2025-10-08-at-12.17.51-1024x768.jpeg 1024w, \/wp-content\/uploads\/2025\/10\/WhatsApp-Image-2025-10-08-at-12.17.51-300x225.jpeg 300w, \/wp-content\/uploads\/2025\/10\/WhatsApp-Image-2025-10-08-at-12.17.51-768x576.jpeg 768w, \/wp-content\/uploads\/2025\/10\/WhatsApp-Image-2025-10-08-at-12.17.51-150x113.jpeg 150w, \/wp-content\/uploads\/2025\/10\/WhatsApp-Image-2025-10-08-at-12.17.51-450x338.jpeg 450w, \/wp-content\/uploads\/2025\/10\/WhatsApp-Image-2025-10-08-at-12.17.51-1200x900.jpeg 1200w, \/wp-content\/uploads\/2025\/10\/WhatsApp-Image-2025-10-08-at-12.17.51.jpeg 1280w\" sizes=\"(max-width: 788px) 100vw, 788px\" \/>\t\t\t\t\t\t\t\t\t\t\t\t\t\t\t<\/div>\n\t\t\t\t<\/div>\n\t\t\t\t<\/div>\n\t\t\t\t\t<\/div>\n\t\t\t\t<\/div>\n\t\t\t\t<\/div>\n\t\t","protected":false},"excerpt":{"rendered":"<p>Infraestrutura Educacional de Excel\u00eancia Na DentalPress, acreditamos que o ambiente de aprendizado \u00e9 parte essencial da forma\u00e7\u00e3o profissional. Por isso, nossa infraestrutura educacional foi projetada para unir tecnologia, conforto e inspira\u00e7\u00e3o, oferecendo aos alunos um espa\u00e7o completo para o desenvolvimento cient\u00edfico e humano. Nosso anfiteatro conta com estrutura moderna, projetores de alta defini\u00e7\u00e3o e conforto<\/p>\n","protected":false},"author":5,"featured_media":0,"parent":0,"menu_order":0,"comment_status":"closed","ping_status":"closed","template":"page-templates\/no-wrapper.php","meta":{"footnotes":""},"class_list":["post-47416","page","type-page","status-publish"],"aioseo_notices":[],"amp_enabled":false,"_links":{"self":[{"href":"https:\/\/dentalpress.com.br\/portal\/wp-json\/wp\/v2\/pages\/47416","targetHints":{"allow":["GET"]}}],"collection":[{"href":"https:\/\/dentalpress.com.br\/portal\/wp-json\/wp\/v2\/pages"}],"about":[{"href":"https:\/\/dentalpress.com.br\/portal\/wp-json\/wp\/v2\/types\/page"}],"author":[{"embeddable":true,"href":"https:\/\/dentalpress.com.br\/portal\/wp-json\/wp\/v2\/users\/5"}],"replies":[{"embeddable":true,"href":"https:\/\/dentalpress.com.br\/portal\/wp-json\/wp\/v2\/comments?post=47416"}],"version-history":[{"count":4,"href":"https:\/\/dentalpress.com.br\/portal\/wp-json\/wp\/v2\/pages\/47416\/revisions"}],"predecessor-version":[{"id":47430,"href":"https:\/\/dentalpress.com.br\/portal\/wp-json\/wp\/v2\/pages\/47416\/revisions\/47430"}],"wp:attachment":[{"href":"https:\/\/dentalpress.com.br\/portal\/wp-json\/wp\/v2\/media?parent=47416"}],"curies":[{"name":"wp","href":"https:\/\/api.w.org\/{rel}","templated":true}]}}