{"id":44298,"date":"2023-11-13T12:17:08","date_gmt":"2023-11-13T12:17:08","guid":{"rendered":"https:\/\/dentalpress.com.br\/portal\/?page_id=44298"},"modified":"2025-02-26T20:59:17","modified_gmt":"2025-02-26T20:59:17","slug":"coluna-ciencia-no-dia-dia","status":"publish","type":"page","link":"https:\/\/dentalpress.com.br\/portal\/coluna-ciencia-no-dia-dia\/","title":{"rendered":"Coluna: Ci\u00eancia no Dia Dia"},"content":{"rendered":"\t\t<div data-elementor-type=\"wp-page\" data-elementor-id=\"44298\" class=\"elementor elementor-44298\" data-elementor-post-type=\"page\">\n\t\t\t\t\t\t<section class=\"has-el-gap el-gap-default elementor-section elementor-top-section elementor-element elementor-element-7aa34c84 elementor-section-boxed elementor-section-height-default elementor-section-height-default\" data-id=\"7aa34c84\" data-element_type=\"section\">\n\t\t\t\t\t\t<div class=\"elementor-container elementor-column-gap-no\">\n\t\t\t\t\t<div class=\"elementor-column elementor-col-66 elementor-top-column elementor-element elementor-element-69294f3e\" data-id=\"69294f3e\" data-element_type=\"column\">\n\t\t\t<div class=\"elementor-widget-wrap elementor-element-populated\">\n\t\t\t\t\t\t<div class=\"elementor-element elementor-element-28816af3 elementor-widget elementor-widget-smartmag-grid\" data-id=\"28816af3\" data-element_type=\"widget\" data-widget_type=\"smartmag-grid.default\">\n\t\t\t\t<div class=\"elementor-widget-container\">\n\t\t\t\t\t\t\t<section class=\"block-wrap block-grid block-sc mb-none\" data-id=\"1\">\n\n\t\t\t\t\n\t\t\t<div class=\"block-content\">\n\t\t\t\t\t\n\t<div class=\"loop loop-grid loop-grid-base grid grid-1 md:grid-1 xs:grid-1\">\n\n\t\t\t\t\t\n<article class=\"l-post grid-post grid-base-post\">\n\n\t\n\t\t\t<div class=\"media\">\n\n\t\t\n\t\t\t<a href=\"https:\/\/dentalpress.com.br\/portal\/onde-esta-o-dente-que-nao-apareceu-na-boca\/\" class=\"image-link media-ratio ratio-16-9\" title=\"Onde est\u00e1 o dente que n\u00e3o apareceu na boca?\"><img fetchpriority=\"high\" decoding=\"async\" width=\"803\" height=\"451\" src=\"https:\/\/dentalpress.com.br\/wp-content\/uploads\/2026\/04\/0163f36447f0a8d1c951fc58c0dd545c-1024x683.jpg\" class=\"attachment-large size-large wp-post-image\" alt=\"\" sizes=\"(max-width: 803px) 100vw, 803px\" title=\"Onde est\u00e1 o dente que n\u00e3o apareceu na boca?\" srcset=\"\/wp-content\/uploads\/2026\/04\/0163f36447f0a8d1c951fc58c0dd545c-1024x683.jpg 1024w, \/wp-content\/uploads\/2026\/04\/0163f36447f0a8d1c951fc58c0dd545c-768x512.jpg 768w, \/wp-content\/uploads\/2026\/04\/0163f36447f0a8d1c951fc58c0dd545c.jpg 1200w\" \/><\/a>\t\t\t\n\t\t\t\n\t\t\t\n\t\t\t\n\t\t\n\t\t<\/div>\n\t\n\n\t\n\t\t<div class=\"content\">\n\n\t\t\t<div class=\"post-meta post-meta-a has-below\"><div class=\"post-meta-items meta-above\"><span class=\"meta-item post-cat\">\n\t\t\t\t\t\t\n\t\t\t\t\t\t<a href=\"https:\/\/dentalpress.com.br\/portal\/category\/capa\/\" class=\"category term-color-4764\" rel=\"category\">-&gt;CAPA<\/a>\n\t\t\t\t\t<\/span>\n\t\t\t\t\t<\/div><h2 class=\"is-title post-title\"><a href=\"https:\/\/dentalpress.com.br\/portal\/onde-esta-o-dente-que-nao-apareceu-na-boca\/\">Onde est\u00e1 o dente que n\u00e3o apareceu na boca?<\/a><\/h2><div class=\"post-meta-items meta-below\"><span class=\"meta-item post-author\"><span class=\"by\">By<\/span> <a href=\"https:\/\/dentalpress.com.br\/portal\/author\/jornalismo-dental-press\/\" title=\"Posts de Victor Duarte Ferreira\" rel=\"author\">Victor Duarte Ferreira<\/a><\/span><span class=\"meta-item date\"><span class=\"date-link\"><time class=\"post-date\" datetime=\"2026-03-30T08:00:27+00:00\">mar\u00e7o 30, 2026<\/time><\/span><\/span><\/div><\/div>\t\t\t\n\t\t\t\t\t\t\n\t\t\t\t<div class=\"excerpt\">\n\t\t\t\t\t<p>Por: Alberto Consolaro Pode ser agenesia do tipo anodontia parcial que ocorre em at\u00e9 25% das pessoas se n\u00e3o considerarmos os terceiros molares, os mais ausentes. Pode faltar um ou at\u00e9 os&hellip;<\/p>\n\t\t\t\t<\/div>\n\t\t\t\n\t\t\t\n\t\t\t\n\t\t<\/div>\n\n\t\n<\/article>\t\t\n\t<\/div>\n\n\t\t\n\t\t\t<\/div>\n\n\t\t<\/section>\n\t\t\t\t\t\t<\/div>\n\t\t\t\t<\/div>\n\t\t\t\t<div class=\"elementor-element elementor-element-662df038 elementor-widget-divider--view-line elementor-widget elementor-widget-divider\" data-id=\"662df038\" data-element_type=\"widget\" data-widget_type=\"divider.default\">\n\t\t\t\t<div class=\"elementor-widget-container\">\n\t\t\t\t\t\t\t<div class=\"elementor-divider\">\n\t\t\t<span class=\"elementor-divider-separator\">\n\t\t\t\t\t\t<\/span>\n\t\t<\/div>\n\t\t\t\t\t\t<\/div>\n\t\t\t\t<\/div>\n\t\t\t\t<div class=\"elementor-element elementor-element-2f98094 elementor-widget elementor-widget-smartmag-grid\" data-id=\"2f98094\" data-element_type=\"widget\" data-widget_type=\"smartmag-grid.default\">\n\t\t\t\t<div class=\"elementor-widget-container\">\n\t\t\t\t\t\t\t<section class=\"block-wrap block-grid block-sc cols-gap-sm mb-none\" data-id=\"2\">\n\n\t\t\t\t\n\t\t\t<div class=\"block-content\">\n\t\t\t\t\t\n\t<div class=\"loop loop-grid loop-grid-base grid grid-3 md:grid-2 xs:grid-1\">\n\n\t\t\t\t\t\n<article class=\"l-post grid-post grid-base-post\">\n\n\t\n\t\t\t<div class=\"media\">\n\n\t\t\n\t\t\t<a href=\"https:\/\/dentalpress.com.br\/portal\/bisfosfonatos-e-os-ossos-maxilares\/\" class=\"image-link media-ratio ratio-3-2\" title=\"Bisfosfonatos e os ossos maxilares\"><img decoding=\"async\" width=\"377\" height=\"251\" src=\"https:\/\/dentalpress.com.br\/wp-content\/uploads\/2026\/03\/47bcfb9c31222543504518e5385e6ebb-450x300.jpg\" class=\"attachment-bunyad-medium size-bunyad-medium wp-post-image\" alt=\"\" sizes=\"(max-width: 377px) 100vw, 377px\" title=\"Bisfosfonatos e os ossos maxilares\" srcset=\"\/wp-content\/uploads\/2026\/03\/47bcfb9c31222543504518e5385e6ebb-450x300.jpg 450w, \/wp-content\/uploads\/2026\/03\/47bcfb9c31222543504518e5385e6ebb-300x200.jpg 300w, \/wp-content\/uploads\/2026\/03\/47bcfb9c31222543504518e5385e6ebb-1024x683.jpg 1024w, \/wp-content\/uploads\/2026\/03\/47bcfb9c31222543504518e5385e6ebb-768x512.jpg 768w, \/wp-content\/uploads\/2026\/03\/47bcfb9c31222543504518e5385e6ebb-150x100.jpg 150w, \/wp-content\/uploads\/2026\/03\/47bcfb9c31222543504518e5385e6ebb.jpg 1200w\" \/><\/a>\t\t\t\n\t\t\t\n\t\t\t\n\t\t\t\n\t\t\n\t\t<\/div>\n\t\n\n\t\n\t\t<div class=\"content\">\n\n\t\t\t<div class=\"post-meta post-meta-a\"><div class=\"post-meta-items meta-above\"><span class=\"meta-item post-cat\">\n\t\t\t\t\t\t\n\t\t\t\t\t\t<a href=\"https:\/\/dentalpress.com.br\/portal\/category\/capa\/\" class=\"category term-color-4764\" rel=\"category\">-&gt;CAPA<\/a>\n\t\t\t\t\t<\/span>\n\t\t\t\t\t<\/div><h2 class=\"is-title post-title\"><a href=\"https:\/\/dentalpress.com.br\/portal\/bisfosfonatos-e-os-ossos-maxilares\/\">Bisfosfonatos e os ossos maxilares<\/a><\/h2><\/div>\t\t\t\n\t\t\t\n\t\t\t\n\t\t<\/div>\n\n\t\n<\/article>\t\t\t\t\t\n<article class=\"l-post grid-post grid-base-post\">\n\n\t\n\t\t\t<div class=\"media\">\n\n\t\t\n\t\t\t<a href=\"https:\/\/dentalpress.com.br\/portal\/dpjo-anuncia-mudanca-do-corpo-editorial\/\" class=\"image-link media-ratio ratio-3-2\" title=\"DPJO anuncia mudan\u00e7a do corpo editorial\"><img decoding=\"async\" width=\"377\" height=\"251\" src=\"https:\/\/dentalpress.com.br\/wp-content\/uploads\/2016\/07\/daniela-garib-e1468944732764.jpg\" class=\"attachment-large size-large wp-post-image\" alt=\"\" sizes=\"(max-width: 377px) 100vw, 377px\" title=\"DPJO anuncia mudan\u00e7a do corpo editorial\" srcset=\"\/wp-content\/uploads\/2016\/07\/daniela-garib-e1468944732764.jpg 751w, \/wp-content\/uploads\/2016\/07\/daniela-garib-e1468944732764-300x193.jpg 300w, \/wp-content\/uploads\/2016\/07\/daniela-garib-e1468944732764-585x377.jpg 585w\" \/><\/a>\t\t\t\n\t\t\t\n\t\t\t\n\t\t\t\n\t\t\n\t\t<\/div>\n\t\n\n\t\n\t\t<div class=\"content\">\n\n\t\t\t<div class=\"post-meta post-meta-a\"><div class=\"post-meta-items meta-above\"><span class=\"meta-item post-cat\">\n\t\t\t\t\t\t\n\t\t\t\t\t\t<a href=\"https:\/\/dentalpress.com.br\/portal\/category\/capa\/\" class=\"category term-color-4764\" rel=\"category\">-&gt;CAPA<\/a>\n\t\t\t\t\t<\/span>\n\t\t\t\t\t<\/div><h2 class=\"is-title post-title\"><a href=\"https:\/\/dentalpress.com.br\/portal\/dpjo-anuncia-mudanca-do-corpo-editorial\/\">DPJO anuncia mudan\u00e7a do corpo editorial<\/a><\/h2><\/div>\t\t\t\n\t\t\t\n\t\t\t\n\t\t<\/div>\n\n\t\n<\/article>\t\t\t\t\t\n<article class=\"l-post grid-post grid-base-post\">\n\n\t\n\t\t\t<div class=\"media\">\n\n\t\t\n\t\t\t<a href=\"https:\/\/dentalpress.com.br\/portal\/bati-o-dente-e-trinquei-o-esmalte\/\" class=\"image-link media-ratio ratio-3-2\" title=\"Bati o dente e trinquei o esmalte\"><img loading=\"lazy\" decoding=\"async\" width=\"377\" height=\"251\" src=\"https:\/\/dentalpress.com.br\/wp-content\/uploads\/2026\/02\/29356961ff8953c19e49ded99eff6875-450x300.jpg\" class=\"attachment-bunyad-medium size-bunyad-medium wp-post-image\" alt=\"\" sizes=\"(max-width: 377px) 100vw, 377px\" title=\"Bati o dente e trinquei o esmalte\" srcset=\"\/wp-content\/uploads\/2026\/02\/29356961ff8953c19e49ded99eff6875-450x300.jpg 450w, \/wp-content\/uploads\/2026\/02\/29356961ff8953c19e49ded99eff6875-300x200.jpg 300w, \/wp-content\/uploads\/2026\/02\/29356961ff8953c19e49ded99eff6875-1024x683.jpg 1024w, \/wp-content\/uploads\/2026\/02\/29356961ff8953c19e49ded99eff6875-768x512.jpg 768w, \/wp-content\/uploads\/2026\/02\/29356961ff8953c19e49ded99eff6875-150x100.jpg 150w, \/wp-content\/uploads\/2026\/02\/29356961ff8953c19e49ded99eff6875.jpg 1200w\" \/><\/a>\t\t\t\n\t\t\t\n\t\t\t\n\t\t\t\n\t\t\n\t\t<\/div>\n\t\n\n\t\n\t\t<div class=\"content\">\n\n\t\t\t<div class=\"post-meta post-meta-a\"><div class=\"post-meta-items meta-above\"><span class=\"meta-item post-cat\">\n\t\t\t\t\t\t\n\t\t\t\t\t\t<a href=\"https:\/\/dentalpress.com.br\/portal\/category\/capa\/\" class=\"category term-color-4764\" rel=\"category\">-&gt;CAPA<\/a>\n\t\t\t\t\t<\/span>\n\t\t\t\t\t<\/div><h2 class=\"is-title post-title\"><a href=\"https:\/\/dentalpress.com.br\/portal\/bati-o-dente-e-trinquei-o-esmalte\/\">Bati o dente e trinquei o esmalte<\/a><\/h2><\/div>\t\t\t\n\t\t\t\n\t\t\t\n\t\t<\/div>\n\n\t\n<\/article>\t\t\n\t<\/div>\n\n\t\t\n\t\t\t<\/div>\n\n\t\t<\/section>\n\t\t\t\t\t\t<\/div>\n\t\t\t\t<\/div>\n\t\t\t\t\t<\/div>\n\t\t<\/div>\n\t\t\t\t<div class=\"elementor-column elementor-col-33 elementor-top-column elementor-element elementor-element-28514a33 ts-sticky-native\" data-id=\"28514a33\" data-element_type=\"column\">\n\t\t\t<div class=\"elementor-widget-wrap elementor-element-populated\">\n\t\t\t\t\t\t<div class=\"elementor-element elementor-element-14f2d3b5 elementor-widget elementor-widget-smartmag-grid\" data-id=\"14f2d3b5\" data-element_type=\"widget\" data-widget_type=\"smartmag-grid.default\">\n\t\t\t\t<div class=\"elementor-widget-container\">\n\t\t\t\t\t\t\t<section class=\"block-wrap block-grid block-sc mb-none\" data-id=\"3\">\n\n\t\t\t\t\n\t\t\t<div class=\"block-content\">\n\t\t\t\t\t\n\t<div class=\"loop loop-grid loop-grid-base grid grid-1 md:grid-1 xs:grid-1\">\n\n\t\t\t\t\t\n<article class=\"l-post grid-post grid-base-post\">\n\n\t\n\t\t\t<div class=\"media\">\n\n\t\t\n\t\t\t<a href=\"https:\/\/dentalpress.com.br\/portal\/estudo-encontra-alteracao-na-garganta-em-pacientes-apneicos\/\" class=\"image-link media-ratio ratio-16-9\" title=\"Estudo encontra altera\u00e7\u00e3o na garganta em pacientes apn\u00e9icos\"><img loading=\"lazy\" decoding=\"async\" width=\"377\" height=\"212\" src=\"https:\/\/dentalpress.com.br\/wp-content\/uploads\/2025\/06\/20250611_apneia-sono-450x236.jpg\" class=\"attachment-bunyad-medium size-bunyad-medium wp-post-image\" alt=\"\" sizes=\"(max-width: 377px) 100vw, 377px\" title=\"Estudo encontra altera\u00e7\u00e3o na garganta em pacientes apn\u00e9icos\" srcset=\"\/wp-content\/uploads\/2025\/06\/20250611_apneia-sono-450x236.jpg 450w, \/wp-content\/uploads\/2025\/06\/20250611_apneia-sono-300x158.jpg 300w, \/wp-content\/uploads\/2025\/06\/20250611_apneia-sono-1024x538.jpg 1024w, \/wp-content\/uploads\/2025\/06\/20250611_apneia-sono-768x403.jpg 768w, \/wp-content\/uploads\/2025\/06\/20250611_apneia-sono-150x79.jpg 150w, \/wp-content\/uploads\/2025\/06\/20250611_apneia-sono.jpg 1200w\" \/><\/a>\t\t\t\n\t\t\t\n\t\t\t\n\t\t\t\n\t\t\n\t\t<\/div>\n\t\n\n\t\n\t\t<div class=\"content\">\n\n\t\t\t<div class=\"post-meta post-meta-a has-below\"><h2 class=\"is-title post-title\"><a href=\"https:\/\/dentalpress.com.br\/portal\/estudo-encontra-alteracao-na-garganta-em-pacientes-apneicos\/\">Estudo encontra altera\u00e7\u00e3o na garganta em pacientes apn\u00e9icos<\/a><\/h2><div class=\"post-meta-items meta-below\"><span class=\"meta-item date\"><span class=\"date-link\"><time class=\"post-date\" datetime=\"2026-02-26T08:00:48+00:00\">fevereiro 26, 2026<\/time><\/span><\/span><\/div><\/div>\t\t\t\n\t\t\t\t\t\t\n\t\t\t\t<div class=\"excerpt\">\n\t\t\t\t\t<p>Pesquisadores da Faculdade de Medicina da USP identificaram altera\u00e7\u00f5es na microcircula\u00e7\u00e3o sangu\u00ednea da faringe em&hellip;<\/p>\n\t\t\t\t<\/div>\n\t\t\t\n\t\t\t\n\t\t\t\n\t\t<\/div>\n\n\t\n<\/article>\t\t\n\t<\/div>\n\n\t\t\n\t\t\t<\/div>\n\n\t\t<\/section>\n\t\t\t\t\t\t<\/div>\n\t\t\t\t<\/div>\n\t\t\t\t<div class=\"elementor-element elementor-element-99f2ec5 elementor-widget-divider--view-line elementor-widget elementor-widget-divider\" data-id=\"99f2ec5\" data-element_type=\"widget\" data-widget_type=\"divider.default\">\n\t\t\t\t<div class=\"elementor-widget-container\">\n\t\t\t\t\t\t\t<div class=\"elementor-divider\">\n\t\t\t<span class=\"elementor-divider-separator\">\n\t\t\t\t\t\t<\/span>\n\t\t<\/div>\n\t\t\t\t\t\t<\/div>\n\t\t\t\t<\/div>\n\t\t\t\t<div class=\"elementor-element elementor-element-19f2828f elementor-widget elementor-widget-smartmag-postslist\" data-id=\"19f2828f\" data-element_type=\"widget\" data-widget_type=\"smartmag-postslist.default\">\n\t\t\t\t<div class=\"elementor-widget-container\">\n\t\t\t\t\t\t\t<section class=\"block-wrap block-posts-list block-sc mb-none\" data-id=\"4\">\n\n\t\t\t\t\n\t\t\t<div class=\"block-content\">\n\t\t\t\t\t\n\t<div class=\"loop loop-list loop-sep loop-list-sep grid grid-1 md:grid-1 sm:grid-1\">\n\n\t\t\t\t\n\t\t\t\n<article class=\"l-post list-post list-post-on-sm m-pos-right\">\n\n\t\n\t\t\t<div class=\"media\">\n\n\t\t\n\t\t\t<a href=\"https:\/\/dentalpress.com.br\/portal\/onde-ocorre-mais-o-cancer-dentro-da-boca\/\" class=\"image-link media-ratio ratio-1-1\" title=\"Onde ocorre mais o c\u00e2ncer dentro da boca?\"><img loading=\"lazy\" decoding=\"async\" width=\"205\" height=\"205\" src=\"https:\/\/dentalpress.com.br\/wp-content\/uploads\/2026\/02\/WhatsApp-Image-2026-02-20-at-11.20.25-1-300x201.jpeg\" class=\"attachment-medium size-medium wp-post-image\" alt=\"\" sizes=\"(max-width: 205px) 100vw, 205px\" title=\"Onde ocorre mais o c\u00e2ncer dentro da boca?\" srcset=\"\/wp-content\/uploads\/2026\/02\/WhatsApp-Image-2026-02-20-at-11.20.25-1-300x201.jpeg 300w, \/wp-content\/uploads\/2026\/02\/WhatsApp-Image-2026-02-20-at-11.20.25-1-450x302.jpeg 450w, \/wp-content\/uploads\/2026\/02\/WhatsApp-Image-2026-02-20-at-11.20.25-1.jpeg 636w\" \/><\/a>\t\t\t\n\t\t\t\n\t\t\t\n\t\t\t\n\t\t\n\t\t<\/div>\n\t\n\n\t\n\t\t<div class=\"content\">\n\n\t\t\t<div class=\"post-meta post-meta-a\"><div class=\"post-meta-items meta-above\"><span class=\"meta-item post-cat\">\n\t\t\t\t\t\t\n\t\t\t\t\t\t<a href=\"https:\/\/dentalpress.com.br\/portal\/category\/capa\/\" class=\"category term-color-4764\" rel=\"category\">-&gt;CAPA<\/a>\n\t\t\t\t\t<\/span>\n\t\t\t\t\t<\/div><h2 class=\"is-title post-title limit-lines l-lines-2\"><a href=\"https:\/\/dentalpress.com.br\/portal\/onde-ocorre-mais-o-cancer-dentro-da-boca\/\">Onde ocorre mais o c\u00e2ncer dentro da boca?<\/a><\/h2><\/div>\t\t\t\n\t\t\t\n\t\t\t\n\t\t<\/div>\n\n\t\n<\/article>\n\t\t\t\t\n\t\t\t\n<article class=\"l-post list-post list-post-on-sm m-pos-right\">\n\n\t\n\t\t\t<div class=\"media\">\n\n\t\t\n\t\t\t<a href=\"https:\/\/dentalpress.com.br\/portal\/faculdade-com-avaliacao-ruim-e-o-mestrado\/\" class=\"image-link media-ratio ratio-1-1\" title=\"Faculdade com avalia\u00e7\u00e3o ruim e o mestrado\"><img loading=\"lazy\" decoding=\"async\" width=\"205\" height=\"205\" src=\"https:\/\/dentalpress.com.br\/wp-content\/uploads\/2026\/01\/259c12a885588115b0af3fb59ab50463-300x200.jpg\" class=\"attachment-medium size-medium wp-post-image\" alt=\"\" sizes=\"(max-width: 205px) 100vw, 205px\" title=\"Faculdade com avalia\u00e7\u00e3o ruim e o mestrado\" srcset=\"\/wp-content\/uploads\/2026\/01\/259c12a885588115b0af3fb59ab50463-300x200.jpg 300w, \/wp-content\/uploads\/2026\/01\/259c12a885588115b0af3fb59ab50463-1024x683.jpg 1024w, \/wp-content\/uploads\/2026\/01\/259c12a885588115b0af3fb59ab50463-768x512.jpg 768w, \/wp-content\/uploads\/2026\/01\/259c12a885588115b0af3fb59ab50463-450x300.jpg 450w, \/wp-content\/uploads\/2026\/01\/259c12a885588115b0af3fb59ab50463.jpg 1200w\" \/><\/a>\t\t\t\n\t\t\t\n\t\t\t\n\t\t\t\n\t\t\n\t\t<\/div>\n\t\n\n\t\n\t\t<div class=\"content\">\n\n\t\t\t<div class=\"post-meta post-meta-a\"><div class=\"post-meta-items meta-above\"><span class=\"meta-item post-cat\">\n\t\t\t\t\t\t\n\t\t\t\t\t\t<a href=\"https:\/\/dentalpress.com.br\/portal\/category\/capa\/\" class=\"category term-color-4764\" rel=\"category\">-&gt;CAPA<\/a>\n\t\t\t\t\t<\/span>\n\t\t\t\t\t<\/div><h2 class=\"is-title post-title limit-lines l-lines-2\"><a href=\"https:\/\/dentalpress.com.br\/portal\/faculdade-com-avaliacao-ruim-e-o-mestrado\/\">Faculdade com avalia\u00e7\u00e3o ruim e o mestrado<\/a><\/h2><\/div>\t\t\t\n\t\t\t\n\t\t\t\n\t\t<\/div>\n\n\t\n<\/article>\n\t\t\t\t\n\t\t\t\n<article class=\"l-post list-post list-post-on-sm m-pos-right\">\n\n\t\n\t\t\t<div class=\"media\">\n\n\t\t\n\t\t\t<a href=\"https:\/\/dentalpress.com.br\/portal\/quem-deu-nome-aos-dentes\/\" class=\"image-link media-ratio ratio-1-1\" title=\"Quem deu nome aos dentes?\"><img loading=\"lazy\" decoding=\"async\" width=\"205\" height=\"205\" src=\"https:\/\/dentalpress.com.br\/wp-content\/uploads\/2026\/01\/09c6b9a65b1afafa829578fae05f2827-300x200.jpg\" class=\"attachment-medium size-medium wp-post-image\" alt=\"\" sizes=\"(max-width: 205px) 100vw, 205px\" title=\"Quem deu nome aos dentes?\" srcset=\"\/wp-content\/uploads\/2026\/01\/09c6b9a65b1afafa829578fae05f2827-300x200.jpg 300w, \/wp-content\/uploads\/2026\/01\/09c6b9a65b1afafa829578fae05f2827-1024x683.jpg 1024w, \/wp-content\/uploads\/2026\/01\/09c6b9a65b1afafa829578fae05f2827-768x512.jpg 768w, \/wp-content\/uploads\/2026\/01\/09c6b9a65b1afafa829578fae05f2827-450x300.jpg 450w, \/wp-content\/uploads\/2026\/01\/09c6b9a65b1afafa829578fae05f2827.jpg 1200w\" \/><\/a>\t\t\t\n\t\t\t\n\t\t\t\n\t\t\t\n\t\t\n\t\t<\/div>\n\t\n\n\t\n\t\t<div class=\"content\">\n\n\t\t\t<div class=\"post-meta post-meta-a\"><div class=\"post-meta-items meta-above\"><span class=\"meta-item post-cat\">\n\t\t\t\t\t\t\n\t\t\t\t\t\t<a href=\"https:\/\/dentalpress.com.br\/portal\/category\/capa\/\" class=\"category term-color-4764\" rel=\"category\">-&gt;CAPA<\/a>\n\t\t\t\t\t<\/span>\n\t\t\t\t\t<\/div><h2 class=\"is-title post-title limit-lines l-lines-2\"><a href=\"https:\/\/dentalpress.com.br\/portal\/quem-deu-nome-aos-dentes\/\">Quem deu nome aos dentes?<\/a><\/h2><\/div>\t\t\t\n\t\t\t\n\t\t\t\n\t\t<\/div>\n\n\t\n<\/article>\n\t\t\n\t<\/div>\n\n\t\t\t\t\t<\/div>\n\n\t\t<\/section>\n\t\t\t\t\t\t<\/div>\n\t\t\t\t<\/div>\n\t\t\t\t\t<\/div>\n\t\t<\/div>\n\t\t\t\t\t<\/div>\n\t\t<\/section>\n\t\t\t\t<\/div>\n\t\t","protected":false},"excerpt":{"rendered":"<p>Alberto Consolaro O que significa um dente anquilosado? By Reda\u00e7\u00e3ofevereiro 26, 2025 Significa que o osso grudou na raiz do dente porque foi traumatizado. Estavam separados por uma membrana fina e male\u00e1vel de tecido com a espessura de uma folha de papel, sendo chamada&hellip; Alberto Consolaro Causas das Fissuras Labiopalatinas Alberto Consolaro Inflama\u00e7\u00e3o e o<\/p>\n","protected":false},"author":5,"featured_media":0,"parent":0,"menu_order":0,"comment_status":"closed","ping_status":"closed","template":"page-templates\/no-wrapper.php","meta":{"footnotes":""},"class_list":["post-44298","page","type-page","status-publish"],"aioseo_notices":[],"amp_enabled":false,"_links":{"self":[{"href":"https:\/\/dentalpress.com.br\/portal\/wp-json\/wp\/v2\/pages\/44298","targetHints":{"allow":["GET"]}}],"collection":[{"href":"https:\/\/dentalpress.com.br\/portal\/wp-json\/wp\/v2\/pages"}],"about":[{"href":"https:\/\/dentalpress.com.br\/portal\/wp-json\/wp\/v2\/types\/page"}],"author":[{"embeddable":true,"href":"https:\/\/dentalpress.com.br\/portal\/wp-json\/wp\/v2\/users\/5"}],"replies":[{"embeddable":true,"href":"https:\/\/dentalpress.com.br\/portal\/wp-json\/wp\/v2\/comments?post=44298"}],"version-history":[{"count":9,"href":"https:\/\/dentalpress.com.br\/portal\/wp-json\/wp\/v2\/pages\/44298\/revisions"}],"predecessor-version":[{"id":46751,"href":"https:\/\/dentalpress.com.br\/portal\/wp-json\/wp\/v2\/pages\/44298\/revisions\/46751"}],"wp:attachment":[{"href":"https:\/\/dentalpress.com.br\/portal\/wp-json\/wp\/v2\/media?parent=44298"}],"curies":[{"name":"wp","href":"https:\/\/api.w.org\/{rel}","templated":true}]}}