{"id":27651,"date":"2020-02-13T11:54:33","date_gmt":"2020-02-13T14:54:33","guid":{"rendered":"https:\/\/www.dentalpress.com.br\/portal\/?page_id=27651"},"modified":"2020-02-13T15:34:09","modified_gmt":"2020-02-13T18:34:09","slug":"social-media","status":"publish","type":"page","link":"https:\/\/dentalpress.com.br\/portal\/carreiras\/social-media\/","title":{"rendered":"Social media"},"content":{"rendered":"\t\t<div data-elementor-type=\"wp-page\" data-elementor-id=\"27651\" class=\"elementor elementor-27651\" data-elementor-post-type=\"page\">\n\t\t\t\t\t\t<section class=\"elementor-section elementor-top-section elementor-element elementor-element-b64f052 elementor-section-boxed elementor-section-height-default elementor-section-height-default\" data-id=\"b64f052\" data-element_type=\"section\">\n\t\t\t\t\t\t<div class=\"elementor-container elementor-column-gap-default\">\n\t\t\t\t\t<div class=\"elementor-column elementor-col-66 elementor-top-column elementor-element elementor-element-34b031b\" data-id=\"34b031b\" data-element_type=\"column\">\n\t\t\t<div class=\"elementor-widget-wrap elementor-element-populated\">\n\t\t\t\t\t\t<div class=\"elementor-element elementor-element-7d33f81 elementor-widget elementor-widget-button\" data-id=\"7d33f81\" data-element_type=\"widget\" data-widget_type=\"button.default\">\n\t\t\t\t<div class=\"elementor-widget-container\">\n\t\t\t\t\t\t\t\t\t<div class=\"elementor-button-wrapper\">\n\t\t\t\t\t<a class=\"elementor-button elementor-button-link elementor-size-sm elementor-animation-pulse\" href=\"https:\/\/www.dentalpress.com.br\/portal\/carreiras\/\">\n\t\t\t\t\t\t<span class=\"elementor-button-content-wrapper\">\n\t\t\t\t\t\t\t\t\t<span class=\"elementor-button-text\">&lt; Voltar<\/span>\n\t\t\t\t\t<\/span>\n\t\t\t\t\t<\/a>\n\t\t\t\t<\/div>\n\t\t\t\t\t\t\t\t<\/div>\n\t\t\t\t<\/div>\n\t\t\t\t<div class=\"elementor-element elementor-element-324a85d elementor-widget elementor-widget-heading\" data-id=\"324a85d\" data-element_type=\"widget\" data-widget_type=\"heading.default\">\n\t\t\t\t<div class=\"elementor-widget-container\">\n\t\t\t\t\t<h1 class=\"elementor-heading-title elementor-size-default\">Social Media<\/h1>\t\t\t\t<\/div>\n\t\t\t\t<\/div>\n\t\t\t\t<div class=\"elementor-element elementor-element-2ba292c elementor-widget elementor-widget-spacer\" data-id=\"2ba292c\" data-element_type=\"widget\" data-widget_type=\"spacer.default\">\n\t\t\t\t<div class=\"elementor-widget-container\">\n\t\t\t\t\t\t\t<div class=\"elementor-spacer\">\n\t\t\t<div class=\"elementor-spacer-inner\"><\/div>\n\t\t<\/div>\n\t\t\t\t\t\t<\/div>\n\t\t\t\t<\/div>\n\t\t\t\t<div class=\"elementor-element elementor-element-8ff1862 elementor-widget elementor-widget-text-editor\" data-id=\"8ff1862\" data-element_type=\"widget\" data-widget_type=\"text-editor.default\">\n\t\t\t\t<div class=\"elementor-widget-container\">\n\t\t\t\t\t\t\t\t\t<h3>Como voc\u00ea vai gerar impacto aqui?<\/h3>\t\t\t\t\t\t\t\t<\/div>\n\t\t\t\t<\/div>\n\t\t\t\t<div class=\"elementor-element elementor-element-d02e165 elementor-widget elementor-widget-text-editor\" data-id=\"d02e165\" data-element_type=\"widget\" data-widget_type=\"text-editor.default\">\n\t\t\t\t<div class=\"elementor-widget-container\">\n\t\t\t\t\t\t\t\t\t<p><span style=\"font-weight: 400;\">Como membro do time criativo, voc\u00ea movimentar\u00e1 nossas redes de forma inspiradora para mostrar nossa marca para todo <a href=\"https:\/\/dentalpress.com.br\/portal\/reforma-tributaria-impacta-dentistas-e-pacientes-com-custos\/\">dentista<\/a> do mundo!<\/span><\/p><ul><li style=\"font-weight: 400;\"><span style=\"font-weight: 400;\">Planejar, criar e monitorar conte\u00fados para compartilhar nas redes sociais da empresa, aumentando a percep\u00e7\u00e3o da marca<\/span><\/li><li style=\"font-weight: 400;\"><span style=\"font-weight: 400;\">Personalizar as postagens para cada plataforma de divulga\u00e7\u00e3o<\/span><\/li><li style=\"font-weight: 400;\"><span style=\"font-weight: 400;\">Inovar com gerenciadores de m\u00eddias para distribuir conte\u00fados de impacto<\/span><\/li><li style=\"font-weight: 400;\"><span style=\"font-weight: 400;\">Trabalhar de forma organizada e produzir relat\u00f3rios de desempenho<\/span><\/li><\/ul>\t\t\t\t\t\t\t\t<\/div>\n\t\t\t\t<\/div>\n\t\t\t\t<div class=\"elementor-element elementor-element-b3c0f29 elementor-widget elementor-widget-text-editor\" data-id=\"b3c0f29\" data-element_type=\"widget\" data-widget_type=\"text-editor.default\">\n\t\t\t\t<div class=\"elementor-widget-container\">\n\t\t\t\t\t\t\t\t\t<h3>Requisitos &#8211; Voc\u00ea se identifica?\n\n<\/h3>\t\t\t\t\t\t\t\t<\/div>\n\t\t\t\t<\/div>\n\t\t\t\t<div class=\"elementor-element elementor-element-95666f0 elementor-widget elementor-widget-text-editor\" data-id=\"95666f0\" data-element_type=\"widget\" data-widget_type=\"text-editor.default\">\n\t\t\t\t<div class=\"elementor-widget-container\">\n\t\t\t\t\t\t\t\t\t<p><span style=\"font-weight: 400;\">Buscamos algu\u00e9m organizado, que goste de trabalhar de forma din\u00e2mica e saiba se comunicar bem.\u00a0<\/span><\/p><ul><li style=\"font-weight: 400;\"><span style=\"font-weight: 400;\">Forma\u00e7\u00e3o conclu\u00edda ou em andamento em comunica\u00e7\u00e3o, marketing, publicidade ou \u00e1reas correlatas<\/span><\/li><li style=\"font-weight: 400;\"><span style=\"font-weight: 400;\">Experi\u00eancia em social media e fotografia<\/span><\/li><li style=\"font-weight: 400;\"><span style=\"font-weight: 400;\">Conhecimento em Illustrator, Photoshop e fotografia<\/span><\/li><\/ul>\t\t\t\t\t\t\t\t<\/div>\n\t\t\t\t<\/div>\n\t\t\t\t\t<\/div>\n\t\t<\/div>\n\t\t\t\t<div class=\"elementor-column elementor-col-33 elementor-top-column elementor-element elementor-element-c8f6049\" data-id=\"c8f6049\" data-element_type=\"column\">\n\t\t\t<div class=\"elementor-widget-wrap elementor-element-populated\">\n\t\t\t\t\t\t<div class=\"elementor-element elementor-element-b2e07d5 elementor-widget elementor-widget-spacer\" data-id=\"b2e07d5\" data-element_type=\"widget\" data-widget_type=\"spacer.default\">\n\t\t\t\t<div class=\"elementor-widget-container\">\n\t\t\t\t\t\t\t<div class=\"elementor-spacer\">\n\t\t\t<div class=\"elementor-spacer-inner\"><\/div>\n\t\t<\/div>\n\t\t\t\t\t\t<\/div>\n\t\t\t\t<\/div>\n\t\t\t\t\t<\/div>\n\t\t<\/div>\n\t\t\t\t\t<\/div>\n\t\t<\/section>\n\t\t\t\t<\/div>\n\t\t","protected":false},"excerpt":{"rendered":"<p>< Voltar Social Media Como voc\u00ea vai gerar impacto aqui? Como membro do time criativo, voc\u00ea movimentar\u00e1 nossas redes de forma inspiradora para mostrar nossa marca para todo dentista do mundo! Planejar, criar e monitorar conte\u00fados para compartilhar nas redes sociais da empresa, aumentando a percep\u00e7\u00e3o da marca Personalizar as postagens para cada plataforma de\n<\/p>\n","protected":false},"author":31,"featured_media":0,"parent":27516,"menu_order":0,"comment_status":"closed","ping_status":"closed","template":"page-templates\/blocks.php","meta":{"footnotes":""},"class_list":["post-27651","page","type-page","status-publish"],"aioseo_notices":[],"amp_enabled":false,"_links":{"self":[{"href":"https:\/\/dentalpress.com.br\/portal\/wp-json\/wp\/v2\/pages\/27651","targetHints":{"allow":["GET"]}}],"collection":[{"href":"https:\/\/dentalpress.com.br\/portal\/wp-json\/wp\/v2\/pages"}],"about":[{"href":"https:\/\/dentalpress.com.br\/portal\/wp-json\/wp\/v2\/types\/page"}],"author":[{"embeddable":true,"href":"https:\/\/dentalpress.com.br\/portal\/wp-json\/wp\/v2\/users\/31"}],"replies":[{"embeddable":true,"href":"https:\/\/dentalpress.com.br\/portal\/wp-json\/wp\/v2\/comments?post=27651"}],"version-history":[{"count":0,"href":"https:\/\/dentalpress.com.br\/portal\/wp-json\/wp\/v2\/pages\/27651\/revisions"}],"up":[{"embeddable":true,"href":"https:\/\/dentalpress.com.br\/portal\/wp-json\/wp\/v2\/pages\/27516"}],"wp:attachment":[{"href":"https:\/\/dentalpress.com.br\/portal\/wp-json\/wp\/v2\/media?parent=27651"}],"curies":[{"name":"wp","href":"https:\/\/api.w.org\/{rel}","templated":true}]}}