{"id":27639,"date":"2020-02-13T11:54:33","date_gmt":"2020-02-13T14:54:33","guid":{"rendered":"https:\/\/www.dentalpress.com.br\/portal\/?page_id=27639"},"modified":"2020-02-28T14:56:12","modified_gmt":"2020-02-28T17:56:12","slug":"outside-sales","status":"publish","type":"page","link":"https:\/\/dentalpress.com.br\/portal\/carreiras\/outside-sales\/","title":{"rendered":"Outside sales"},"content":{"rendered":"\t\t<div data-elementor-type=\"wp-page\" data-elementor-id=\"27639\" class=\"elementor elementor-27639\" data-elementor-post-type=\"page\">\n\t\t\t\t\t\t<section class=\"elementor-section elementor-top-section elementor-element elementor-element-b64f052 elementor-section-boxed elementor-section-height-default elementor-section-height-default\" data-id=\"b64f052\" data-element_type=\"section\">\n\t\t\t\t\t\t<div class=\"elementor-container elementor-column-gap-default\">\n\t\t\t\t\t<div class=\"elementor-column elementor-col-66 elementor-top-column elementor-element elementor-element-34b031b\" data-id=\"34b031b\" data-element_type=\"column\">\n\t\t\t<div class=\"elementor-widget-wrap elementor-element-populated\">\n\t\t\t\t\t\t<div class=\"elementor-element elementor-element-7d33f81 elementor-widget elementor-widget-button\" data-id=\"7d33f81\" data-element_type=\"widget\" data-widget_type=\"button.default\">\n\t\t\t\t<div class=\"elementor-widget-container\">\n\t\t\t\t\t\t\t\t\t<div class=\"elementor-button-wrapper\">\n\t\t\t\t\t<a class=\"elementor-button elementor-button-link elementor-size-sm elementor-animation-pulse\" href=\"https:\/\/www.dentalpress.com.br\/portal\/carreiras\/\">\n\t\t\t\t\t\t<span class=\"elementor-button-content-wrapper\">\n\t\t\t\t\t\t\t\t\t<span class=\"elementor-button-text\">&lt; Voltar<\/span>\n\t\t\t\t\t<\/span>\n\t\t\t\t\t<\/a>\n\t\t\t\t<\/div>\n\t\t\t\t\t\t\t\t<\/div>\n\t\t\t\t<\/div>\n\t\t\t\t<div class=\"elementor-element elementor-element-324a85d elementor-widget elementor-widget-heading\" data-id=\"324a85d\" data-element_type=\"widget\" data-widget_type=\"heading.default\">\n\t\t\t\t<div class=\"elementor-widget-container\">\n\t\t\t\t\t<h1 class=\"elementor-heading-title elementor-size-default\">Outside sales<\/h1>\t\t\t\t<\/div>\n\t\t\t\t<\/div>\n\t\t\t\t<div class=\"elementor-element elementor-element-2ba292c elementor-widget elementor-widget-spacer\" data-id=\"2ba292c\" data-element_type=\"widget\" data-widget_type=\"spacer.default\">\n\t\t\t\t<div class=\"elementor-widget-container\">\n\t\t\t\t\t\t\t<div class=\"elementor-spacer\">\n\t\t\t<div class=\"elementor-spacer-inner\"><\/div>\n\t\t<\/div>\n\t\t\t\t\t\t<\/div>\n\t\t\t\t<\/div>\n\t\t\t\t<div class=\"elementor-element elementor-element-8ff1862 elementor-widget elementor-widget-text-editor\" data-id=\"8ff1862\" data-element_type=\"widget\" data-widget_type=\"text-editor.default\">\n\t\t\t\t<div class=\"elementor-widget-container\">\n\t\t\t\t\t\t\t\t\t<h3>Como voc\u00ea vai gerar impacto aqui?<\/h3>\t\t\t\t\t\t\t\t<\/div>\n\t\t\t\t<\/div>\n\t\t\t\t<div class=\"elementor-element elementor-element-d02e165 elementor-widget elementor-widget-text-editor\" data-id=\"d02e165\" data-element_type=\"widget\" data-widget_type=\"text-editor.default\">\n\t\t\t\t<div class=\"elementor-widget-container\">\n\t\t\t\t\t\t\t\t\t<p><span style=\"font-weight: 400;\">Como membro do time de vendas, voc\u00ea estar\u00e1 no cora\u00e7\u00e3o da Dental contribuindo para que nossa miss\u00e3o seja alcan\u00e7ada todos os dias!<\/span><\/p><p><span style=\"font-weight: 400;\">&#8211; Capta\u00e7\u00e3o de eventos: viabiliza\u00e7\u00e3o, negocia\u00e7\u00e3o e propostas de parcerias (mat\u00e9ria na revista e an\u00fancios), an\u00e1lise do evento (diagnostic\u00e1-lo sobre seu formato, sua regi\u00e3o, organiza\u00e7\u00e3o, objetivo)<\/span><\/p><p><span style=\"font-weight: 400;\">&#8211; Log\u00edstica do evento: stands (como ser\u00e3o montados), local e transporte de materiais, estadia do vendedor, a\u00e7\u00f5es estrat\u00e9gicas para levar ao evento; ao final do evento, organizar a desmontagem e retirada dos materiais<\/span><\/p><p><span style=\"font-weight: 400;\">&#8211; No dia do evento: atender cerca de 400 pessoas, cuidar dos materiais; apresentar os produtos, fechar contratos de vendas<\/span><\/p><p><span style=\"font-weight: 400;\">&#8211; Apresentar relat\u00f3rio de vendas e diagn\u00f3stico dos eventos<\/span><\/p>\t\t\t\t\t\t\t\t<\/div>\n\t\t\t\t<\/div>\n\t\t\t\t<div class=\"elementor-element elementor-element-b3c0f29 elementor-widget elementor-widget-text-editor\" data-id=\"b3c0f29\" data-element_type=\"widget\" data-widget_type=\"text-editor.default\">\n\t\t\t\t<div class=\"elementor-widget-container\">\n\t\t\t\t\t\t\t\t\t<h3>Requisitos &#8211; Voc\u00ea se identifica?\n\n<\/h3>\t\t\t\t\t\t\t\t<\/div>\n\t\t\t\t<\/div>\n\t\t\t\t<div class=\"elementor-element elementor-element-95666f0 elementor-widget elementor-widget-text-editor\" data-id=\"95666f0\" data-element_type=\"widget\" data-widget_type=\"text-editor.default\">\n\t\t\t\t<div class=\"elementor-widget-container\">\n\t\t\t\t\t\t\t\t\t<p><span style=\"font-weight: 400;\">Buscamos algu\u00e9m que goste de trabalhar de forma din\u00e2mica e saiba se comunicar bem.<\/span><\/p><p><span style=\"font-weight: 400;\">&#8211; Experi\u00eancia t\u00e9cnica em vendas<\/span><\/p><p><span style=\"font-weight: 400;\">&#8211; Disponibilidade para viajar pela empresa<\/span><\/p><p><span style=\"font-weight: 400;\">&#8211; Possibilidade home office<\/span><\/p>\t\t\t\t\t\t\t\t<\/div>\n\t\t\t\t<\/div>\n\t\t\t\t\t<\/div>\n\t\t<\/div>\n\t\t\t\t<div class=\"elementor-column elementor-col-33 elementor-top-column elementor-element elementor-element-c8f6049\" data-id=\"c8f6049\" data-element_type=\"column\">\n\t\t\t<div class=\"elementor-widget-wrap elementor-element-populated\">\n\t\t\t\t\t\t<div class=\"elementor-element elementor-element-b2e07d5 elementor-widget elementor-widget-spacer\" data-id=\"b2e07d5\" data-element_type=\"widget\" data-widget_type=\"spacer.default\">\n\t\t\t\t<div class=\"elementor-widget-container\">\n\t\t\t\t\t\t\t<div class=\"elementor-spacer\">\n\t\t\t<div class=\"elementor-spacer-inner\"><\/div>\n\t\t<\/div>\n\t\t\t\t\t\t<\/div>\n\t\t\t\t<\/div>\n\t\t\t\t<div class=\"elementor-element elementor-element-34a5f08 elementor-widget elementor-widget-heading\" data-id=\"34a5f08\" data-element_type=\"widget\" data-widget_type=\"heading.default\">\n\t\t\t\t<div class=\"elementor-widget-container\">\n\t\t\t\t\t<h2 class=\"elementor-heading-title elementor-size-default\">Quero me candidatar\u200b<\/h2>\t\t\t\t<\/div>\n\t\t\t\t<\/div>\n\t\t\t\t<div class=\"elementor-element elementor-element-8cf0169 elementor-widget elementor-widget-text-editor\" data-id=\"8cf0169\" data-element_type=\"widget\" data-widget_type=\"text-editor.default\">\n\t\t\t\t<div class=\"elementor-widget-container\">\n\t\t\t\t\t\t\t\t\t<p>Insira suas informa\u00e7\u00f5es e anexe seu curr\u00edculo<\/p>\t\t\t\t\t\t\t\t<\/div>\n\t\t\t\t<\/div>\n\t\t\t\t<div class=\"elementor-element elementor-element-b866660 elementor-widget elementor-widget-shortcode\" data-id=\"b866660\" data-element_type=\"widget\" data-widget_type=\"shortcode.default\">\n\t\t\t\t<div class=\"elementor-widget-container\">\n\t\t\t\t\t\t\t<div class=\"elementor-shortcode\">[contact-form-7 id=\"27773\" title=\"Curr\u00edculo - Outside sales\"]<\/div>\n\t\t\t\t\t\t<\/div>\n\t\t\t\t<\/div>\n\t\t\t\t\t<\/div>\n\t\t<\/div>\n\t\t\t\t\t<\/div>\n\t\t<\/section>\n\t\t\t\t<\/div>\n\t\t","protected":false},"excerpt":{"rendered":"<p>< Voltar Outside sales Como voc\u00ea vai gerar impacto aqui? Como membro do time de vendas, voc\u00ea estar\u00e1 no cora\u00e7\u00e3o da Dental contribuindo para que nossa miss\u00e3o seja alcan\u00e7ada todos os dias! &#8211; Capta\u00e7\u00e3o de eventos: viabiliza\u00e7\u00e3o, negocia\u00e7\u00e3o e propostas de parcerias (mat\u00e9ria na revista e an\u00fancios), an\u00e1lise do evento (diagnostic\u00e1-lo sobre seu formato, sua\n<\/p>\n","protected":false},"author":31,"featured_media":0,"parent":27516,"menu_order":0,"comment_status":"closed","ping_status":"closed","template":"","meta":{"footnotes":""},"class_list":["post-27639","page","type-page","status-publish"],"aioseo_notices":[],"amp_enabled":true,"_links":{"self":[{"href":"https:\/\/dentalpress.com.br\/portal\/wp-json\/wp\/v2\/pages\/27639","targetHints":{"allow":["GET"]}}],"collection":[{"href":"https:\/\/dentalpress.com.br\/portal\/wp-json\/wp\/v2\/pages"}],"about":[{"href":"https:\/\/dentalpress.com.br\/portal\/wp-json\/wp\/v2\/types\/page"}],"author":[{"embeddable":true,"href":"https:\/\/dentalpress.com.br\/portal\/wp-json\/wp\/v2\/users\/31"}],"replies":[{"embeddable":true,"href":"https:\/\/dentalpress.com.br\/portal\/wp-json\/wp\/v2\/comments?post=27639"}],"version-history":[{"count":0,"href":"https:\/\/dentalpress.com.br\/portal\/wp-json\/wp\/v2\/pages\/27639\/revisions"}],"up":[{"embeddable":true,"href":"https:\/\/dentalpress.com.br\/portal\/wp-json\/wp\/v2\/pages\/27516"}],"wp:attachment":[{"href":"https:\/\/dentalpress.com.br\/portal\/wp-json\/wp\/v2\/media?parent=27639"}],"curies":[{"name":"wp","href":"https:\/\/api.w.org\/{rel}","templated":true}]}}