{"id":27633,"date":"2020-02-13T11:54:33","date_gmt":"2020-02-13T14:54:33","guid":{"rendered":"https:\/\/www.dentalpress.com.br\/portal\/?page_id=27633"},"modified":"2020-02-28T14:53:20","modified_gmt":"2020-02-28T17:53:20","slug":"inside-sales","status":"publish","type":"page","link":"https:\/\/dentalpress.com.br\/portal\/carreiras\/inside-sales\/","title":{"rendered":"Inside sales"},"content":{"rendered":"\t\t<div data-elementor-type=\"wp-page\" data-elementor-id=\"27633\" class=\"elementor elementor-27633\" data-elementor-post-type=\"page\">\n\t\t\t\t\t\t<section class=\"elementor-section elementor-top-section elementor-element elementor-element-b64f052 elementor-section-boxed elementor-section-height-default elementor-section-height-default\" data-id=\"b64f052\" data-element_type=\"section\">\n\t\t\t\t\t\t<div class=\"elementor-container elementor-column-gap-default\">\n\t\t\t\t\t<div class=\"elementor-column elementor-col-66 elementor-top-column elementor-element elementor-element-34b031b\" data-id=\"34b031b\" data-element_type=\"column\">\n\t\t\t<div class=\"elementor-widget-wrap elementor-element-populated\">\n\t\t\t\t\t\t<div class=\"elementor-element elementor-element-7d33f81 elementor-widget elementor-widget-button\" data-id=\"7d33f81\" data-element_type=\"widget\" data-widget_type=\"button.default\">\n\t\t\t\t<div class=\"elementor-widget-container\">\n\t\t\t\t\t\t\t\t\t<div class=\"elementor-button-wrapper\">\n\t\t\t\t\t<a class=\"elementor-button elementor-button-link elementor-size-sm elementor-animation-pulse\" href=\"https:\/\/www.dentalpress.com.br\/portal\/carreiras\/\">\n\t\t\t\t\t\t<span class=\"elementor-button-content-wrapper\">\n\t\t\t\t\t\t\t\t\t<span class=\"elementor-button-text\">&lt; Voltar<\/span>\n\t\t\t\t\t<\/span>\n\t\t\t\t\t<\/a>\n\t\t\t\t<\/div>\n\t\t\t\t\t\t\t\t<\/div>\n\t\t\t\t<\/div>\n\t\t\t\t<div class=\"elementor-element elementor-element-324a85d elementor-widget elementor-widget-heading\" data-id=\"324a85d\" data-element_type=\"widget\" data-widget_type=\"heading.default\">\n\t\t\t\t<div class=\"elementor-widget-container\">\n\t\t\t\t\t<h1 class=\"elementor-heading-title elementor-size-default\">Inside sales<\/h1>\t\t\t\t<\/div>\n\t\t\t\t<\/div>\n\t\t\t\t<div class=\"elementor-element elementor-element-2ba292c elementor-widget elementor-widget-spacer\" data-id=\"2ba292c\" data-element_type=\"widget\" data-widget_type=\"spacer.default\">\n\t\t\t\t<div class=\"elementor-widget-container\">\n\t\t\t\t\t\t\t<div class=\"elementor-spacer\">\n\t\t\t<div class=\"elementor-spacer-inner\"><\/div>\n\t\t<\/div>\n\t\t\t\t\t\t<\/div>\n\t\t\t\t<\/div>\n\t\t\t\t<div class=\"elementor-element elementor-element-8ff1862 elementor-widget elementor-widget-text-editor\" data-id=\"8ff1862\" data-element_type=\"widget\" data-widget_type=\"text-editor.default\">\n\t\t\t\t<div class=\"elementor-widget-container\">\n\t\t\t\t\t\t\t\t\t<h3>Como voc\u00ea vai gerar impacto aqui?<\/h3>\t\t\t\t\t\t\t\t<\/div>\n\t\t\t\t<\/div>\n\t\t\t\t<div class=\"elementor-element elementor-element-d02e165 elementor-widget elementor-widget-text-editor\" data-id=\"d02e165\" data-element_type=\"widget\" data-widget_type=\"text-editor.default\">\n\t\t\t\t<div class=\"elementor-widget-container\">\n\t\t\t\t\t\t\t\t\t<p>Como membro do time de vendas, voc\u00ea estar\u00e1 no cora\u00e7\u00e3o da Dental contribuindo para que nossa miss\u00e3o seja alcan\u00e7ada todos os dias!<\/p><p><span style=\"font-weight: 400;\">&#8211; Ajudar a equipe a atingir nossas metas de aquisi\u00e7\u00e3o de clientes e de crescimento de receita mantendo nossa empresa competitiva e inovadora<\/span><\/p><p><span style=\"font-weight: 400;\">&#8211; Ter uma postura consultiva, resolver problemas e n\u00e3o empurrar produto<\/span><\/p><p><span style=\"font-weight: 400;\">&#8211; Prospectar clientes, conseguir novos bancos de dados<\/span><\/p><p><span style=\"font-weight: 400;\">&#8211; Aumentar a rede de representantes dar suportes para a revenda<\/span><\/p><p><span style=\"font-weight: 400;\">&#8211; Vender an\u00fancios, sinergia, publicidade<\/span><\/p><p><span style=\"font-weight: 400;\">&#8211; Construir e promover relacionamentos fortes e duradouros com os clientes por meio de parcerias<\/span><\/p><p><span style=\"font-weight: 400;\">&#8211; Desenvolver forte senso comercial e aprimoramento no setor<\/span><\/p><p><span style=\"font-weight: 400;\">&#8211; Apoiar a lideran\u00e7a na transforma\u00e7\u00e3o do neg\u00f3cio para um ambiente mais pr\u00f3spero e profissional<\/span><\/p><p><span style=\"font-weight: 400;\">&#8211; Comunicar-se muito bem para encantar os clientes, fazer um atendimento humanizado, n\u00e3o amarrado em scripts<\/span><\/p><p><span style=\"font-weight: 400;\">&#8211; Ter comportamento flex\u00edvel, mente aberta a mudan\u00e7as, diversidade e novas ideias<\/span><\/p><p><span style=\"font-weight: 400;\">&#8211; Viver com sede de entregar solu\u00e7\u00e3o para os clientes<\/span><\/p>\t\t\t\t\t\t\t\t<\/div>\n\t\t\t\t<\/div>\n\t\t\t\t<div class=\"elementor-element elementor-element-b3c0f29 elementor-widget elementor-widget-text-editor\" data-id=\"b3c0f29\" data-element_type=\"widget\" data-widget_type=\"text-editor.default\">\n\t\t\t\t<div class=\"elementor-widget-container\">\n\t\t\t\t\t\t\t\t\t<h3>Requisitos &#8211; Voc\u00ea se identifica?\n\n<\/h3>\t\t\t\t\t\t\t\t<\/div>\n\t\t\t\t<\/div>\n\t\t\t\t<div class=\"elementor-element elementor-element-95666f0 elementor-widget elementor-widget-text-editor\" data-id=\"95666f0\" data-element_type=\"widget\" data-widget_type=\"text-editor.default\">\n\t\t\t\t<div class=\"elementor-widget-container\">\n\t\t\t\t\t\t\t\t\t<p>&#8211; Assumir riscos com ousadia e foco em resultado<\/p><p>&#8211; Ter habilidade de negocia\u00e7\u00e3o, solu\u00e7\u00e3o de conflitos<\/p><p>&#8211; Experi\u00eancia de relacionamento com o cliente, atendimento humanizado<\/p>\t\t\t\t\t\t\t\t<\/div>\n\t\t\t\t<\/div>\n\t\t\t\t\t<\/div>\n\t\t<\/div>\n\t\t\t\t<div class=\"elementor-column elementor-col-33 elementor-top-column elementor-element elementor-element-c8f6049\" data-id=\"c8f6049\" data-element_type=\"column\">\n\t\t\t<div class=\"elementor-widget-wrap elementor-element-populated\">\n\t\t\t\t\t\t<div class=\"elementor-element elementor-element-b2e07d5 elementor-widget elementor-widget-spacer\" data-id=\"b2e07d5\" data-element_type=\"widget\" data-widget_type=\"spacer.default\">\n\t\t\t\t<div class=\"elementor-widget-container\">\n\t\t\t\t\t\t\t<div class=\"elementor-spacer\">\n\t\t\t<div class=\"elementor-spacer-inner\"><\/div>\n\t\t<\/div>\n\t\t\t\t\t\t<\/div>\n\t\t\t\t<\/div>\n\t\t\t\t<div class=\"elementor-element elementor-element-0896503 elementor-widget elementor-widget-heading\" data-id=\"0896503\" data-element_type=\"widget\" data-widget_type=\"heading.default\">\n\t\t\t\t<div class=\"elementor-widget-container\">\n\t\t\t\t\t<h2 class=\"elementor-heading-title elementor-size-default\">Quero me candidatar<\/h2>\t\t\t\t<\/div>\n\t\t\t\t<\/div>\n\t\t\t\t<div class=\"elementor-element elementor-element-065747c elementor-widget elementor-widget-text-editor\" data-id=\"065747c\" data-element_type=\"widget\" data-widget_type=\"text-editor.default\">\n\t\t\t\t<div class=\"elementor-widget-container\">\n\t\t\t\t\t\t\t\t\t<p>Insira suas informa\u00e7\u00f5es e anexe seu curr\u00edculo<\/p>\t\t\t\t\t\t\t\t<\/div>\n\t\t\t\t<\/div>\n\t\t\t\t<div class=\"elementor-element elementor-element-befd79f elementor-widget elementor-widget-shortcode\" data-id=\"befd79f\" data-element_type=\"widget\" data-widget_type=\"shortcode.default\">\n\t\t\t\t<div class=\"elementor-widget-container\">\n\t\t\t\t\t\t\t<div class=\"elementor-shortcode\">[contact-form-7 id=\"27772\" title=\"Curr\u00edculo - Inside sales\"]<\/div>\n\t\t\t\t\t\t<\/div>\n\t\t\t\t<\/div>\n\t\t\t\t\t<\/div>\n\t\t<\/div>\n\t\t\t\t\t<\/div>\n\t\t<\/section>\n\t\t\t\t<\/div>\n\t\t","protected":false},"excerpt":{"rendered":"<p>< Voltar Inside sales Como voc\u00ea vai gerar impacto aqui? Como membro do time de vendas, voc\u00ea estar\u00e1 no cora\u00e7\u00e3o da Dental contribuindo para que nossa miss\u00e3o seja alcan\u00e7ada todos os dias! &#8211; Ajudar a equipe a atingir nossas metas de aquisi\u00e7\u00e3o de clientes e de crescimento de receita mantendo nossa empresa competitiva e inovadora\n<\/p>\n","protected":false},"author":31,"featured_media":0,"parent":27516,"menu_order":0,"comment_status":"closed","ping_status":"closed","template":"","meta":{"footnotes":""},"class_list":["post-27633","page","type-page","status-publish"],"aioseo_notices":[],"amp_enabled":true,"_links":{"self":[{"href":"https:\/\/dentalpress.com.br\/portal\/wp-json\/wp\/v2\/pages\/27633","targetHints":{"allow":["GET"]}}],"collection":[{"href":"https:\/\/dentalpress.com.br\/portal\/wp-json\/wp\/v2\/pages"}],"about":[{"href":"https:\/\/dentalpress.com.br\/portal\/wp-json\/wp\/v2\/types\/page"}],"author":[{"embeddable":true,"href":"https:\/\/dentalpress.com.br\/portal\/wp-json\/wp\/v2\/users\/31"}],"replies":[{"embeddable":true,"href":"https:\/\/dentalpress.com.br\/portal\/wp-json\/wp\/v2\/comments?post=27633"}],"version-history":[{"count":0,"href":"https:\/\/dentalpress.com.br\/portal\/wp-json\/wp\/v2\/pages\/27633\/revisions"}],"up":[{"embeddable":true,"href":"https:\/\/dentalpress.com.br\/portal\/wp-json\/wp\/v2\/pages\/27516"}],"wp:attachment":[{"href":"https:\/\/dentalpress.com.br\/portal\/wp-json\/wp\/v2\/media?parent=27633"}],"curies":[{"name":"wp","href":"https:\/\/api.w.org\/{rel}","templated":true}]}}